{"id":1788,"date":"2014-12-10T14:34:44","date_gmt":"2014-12-10T13:34:44","guid":{"rendered":"https:\/\/www.eluir.com\/?page_id=1788"},"modified":"2021-08-23T13:56:42","modified_gmt":"2021-08-23T11:56:42","slug":"o-nas","status":"publish","type":"page","link":"https:\/\/www.eluir.com\/sl\/o-nas\/","title":{"rendered":"O nas"},"content":{"rendered":"\n<p><strong>ELUIR d.o.o.<\/strong><\/p>\n<p>Prisojna ulica 5<\/p>\n<p>1000 Ljubljana Slovenija<\/p>\n<p><strong>E-mail:<\/strong> <a href=\"mailto:info@eluir.com\">info@eluir.com<\/a><\/p>\n<p>Mati\u010dna \u0161tevilka: 6594573000<\/p>\n<p>ID za DDV: SI80945511<\/p>\n<p>Teko\u010di ra\u010dun: SI56 6100 0000 7279 518 odprt pri DELAVSKA HRANILNICA d.d., BIC: HDELSI22<\/p>\n<p>Podjetje je vpisano v sodni register na okro\u017enem sodi\u0161\u010du v Celju pod \u0161tevilko Srg 2014\/16558. Ustanovni kapital: 7.500,00 eur<\/p>\n\n","protected":false},"excerpt":{"rendered":"","protected":false},"author":411,"featured_media":0,"parent":0,"menu_order":0,"comment_status":"closed","ping_status":"closed","template":"","meta":{"footnotes":""},"class_list":["post-1788","page","type-page","status-publish","hentry"],"_links":{"self":[{"href":"https:\/\/www.eluir.com\/sl\/wp-json\/wp\/v2\/pages\/1788","targetHints":{"allow":["GET"]}}],"collection":[{"href":"https:\/\/www.eluir.com\/sl\/wp-json\/wp\/v2\/pages"}],"about":[{"href":"https:\/\/www.eluir.com\/sl\/wp-json\/wp\/v2\/types\/page"}],"author":[{"embeddable":true,"href":"https:\/\/www.eluir.com\/sl\/wp-json\/wp\/v2\/users\/411"}],"replies":[{"embeddable":true,"href":"https:\/\/www.eluir.com\/sl\/wp-json\/wp\/v2\/comments?post=1788"}],"version-history":[{"count":0,"href":"https:\/\/www.eluir.com\/sl\/wp-json\/wp\/v2\/pages\/1788\/revisions"}],"wp:attachment":[{"href":"https:\/\/www.eluir.com\/sl\/wp-json\/wp\/v2\/media?parent=1788"}],"curies":[{"name":"wp","href":"https:\/\/api.w.org\/{rel}","templated":true}]}}