{"id":1793,"date":"2014-12-10T14:43:40","date_gmt":"2014-12-10T13:43:40","guid":{"rendered":"https:\/\/www.eluir.com\/?page_id=1793"},"modified":"2020-10-29T22:32:52","modified_gmt":"2020-10-29T21:32:52","slug":"izdelava-po-meri","status":"publish","type":"page","link":"https:\/\/www.eluir.com\/sl\/izdelava-po-meri\/","title":{"rendered":"Izdelava po meri"},"content":{"rendered":"\n<div>\n\n  <div class=\"banner has-hover\" id=\"banner-526010595\">\n          <div class=\"banner-inner fill\">\n        <div class=\"banner-bg fill\" >\n\t\t\t                                    \n                    <\/div>\n\t\t\n        <div class=\"banner-layers container\">\n            <div class=\"fill banner-link\"><\/div>            \n        <\/div>\n      <\/div>\n\n            \n<style>\n#banner-526010595 {\n  padding-top: 365px;\n}\n<\/style>\n  <\/div>\n\n\n<\/div>\n<div class=\"row\"  id=\"row-1334423753\">\n\n\t<div id=\"col-2135749544\" class=\"col medium-1\/2 large-6\"  >\n\t\t\t\t<div class=\"col-inner\"  >\n\t\t\t\n\t\t\t\n<h2 style=\"margin-top: 35px;\">ELUIR oprema izdelana po meri<\/h2>\n<p>\nPoleg tega, da vam ponujamo \u0161irok izbor standardne modularne opreme, lahko za vas razvijemo tudi po meri izdelano opremo, prilagojeno posebej za va\u0161o telovadnico. To vklju\u010duje:\n<\/p>\n<ul>\n<li>Nestandardne mere, da zagotovimo popolno ujemanje z va\u0161im prostorom.<\/li>\n<li>Barvo po va\u0161i izbiri.<\/li>\n<li>Po meri izdelane dodatke, da zagotovimo popolno stabilnost opreme tudi v prostorih, ki sicer niso idealni za izvajanje treninga.<\/li>\n<li>Individualno svetovanje in na\u010drtovanje za najbolj optimalno razporeditev opreme.<\/li>\n<li>3D vizualizacija va\u0161e opremljene telovadnice.<\/li>\n<\/ul>\n<p>Prosimo, kontaktirajte nas za ve\u010d informacij.<\/p>\n\t\t<\/div>\n\t\t\t\t\t<\/div>\n\n\t\n\n\t<div id=\"col-756831828\" class=\"col medium-1\/2 large-6\"  >\n\t\t\t\t<div class=\"col-inner\"  >\n\t\t\t\n\t\t\t\n<h2 style=\"margin-top: 35px;\">Povpra\u0161evanje<\/h2>\n<p>\n\u010ce potrebujete pomo\u010d ali imate kak\u0161ne posebne zahteve, nas prosimo kontaktirajte in z veseljem vam bomo prisko\u010dili na pomo\u010d!\n<\/p>\n<p>\nE-mail: <a href=\"mailto:info@eluir.com\" title=\"info@eluir.com\">info@eluir.com<\/a>\n<\/p>\n\t\t<\/div>\n\t\t\t\t\t<\/div>\n\n\t\n<\/div>\n","protected":false},"excerpt":{"rendered":"","protected":false},"author":411,"featured_media":0,"parent":0,"menu_order":0,"comment_status":"open","ping_status":"open","template":"page-blank.php","meta":{"footnotes":""},"class_list":["post-1793","page","type-page","status-publish","hentry"],"_links":{"self":[{"href":"https:\/\/www.eluir.com\/sl\/wp-json\/wp\/v2\/pages\/1793","targetHints":{"allow":["GET"]}}],"collection":[{"href":"https:\/\/www.eluir.com\/sl\/wp-json\/wp\/v2\/pages"}],"about":[{"href":"https:\/\/www.eluir.com\/sl\/wp-json\/wp\/v2\/types\/page"}],"author":[{"embeddable":true,"href":"https:\/\/www.eluir.com\/sl\/wp-json\/wp\/v2\/users\/411"}],"replies":[{"embeddable":true,"href":"https:\/\/www.eluir.com\/sl\/wp-json\/wp\/v2\/comments?post=1793"}],"version-history":[{"count":0,"href":"https:\/\/www.eluir.com\/sl\/wp-json\/wp\/v2\/pages\/1793\/revisions"}],"wp:attachment":[{"href":"https:\/\/www.eluir.com\/sl\/wp-json\/wp\/v2\/media?parent=1793"}],"curies":[{"name":"wp","href":"https:\/\/api.w.org\/{rel}","templated":true}]}}