{"id":1797,"date":"2014-12-10T15:05:22","date_gmt":"2014-12-10T14:05:22","guid":{"rendered":"https:\/\/www.eluir.com\/?page_id=1797"},"modified":"2020-11-01T10:44:39","modified_gmt":"2020-11-01T09:44:39","slug":"dostava","status":"publish","type":"page","link":"https:\/\/www.eluir.com\/sl\/dostava\/","title":{"rendered":"Dostava"},"content":{"rendered":"\n<h1>Dostava po Sloveniji<\/h1>\n<p>Dostavo po Sloveniji opravljata GLS in Po\u0161ta Slovenije. Predviden \u010das dostave od oddaje po\u0161iljke do dostave je 1-2 delovna dni.<\/p>\n<p>Stro\u0161ki po\u0161iljanja temeljijo na te\u017ei in dimenzijah paketa. Avtomati\u010dno se izra\u010dunajo, ko \u017eelene izdelke dodate v ko\u0161arico in izberete svojo dr\u017eavo.<\/p>\n<h1>Dostava znotraj EU<\/h1>\n<p>Dostava v dr\u017eave EU bo izvedel najbolj primeren ponudnik storitev. Sodelujemo s Po\u0161to, GLS in DHL. \u010cas od oddaje po\u0161iljke do dostave se rahlo razlikuje med destinacijami. Za natan\u010dnej\u0161e informacije, prosimo, uporabite spodnjo tabelo (dnevi so delovni dnevi).<\/p>\n\t<div id=\"gap-398857956\" class=\"gap-element clearfix\" style=\"display:block; height:auto;\">\n\t\t\n<style>\n#gap-398857956 {\n  padding-top: 30px;\n}\n<\/style>\n\t<\/div>\n\t\n\n<h2>\u010cas dostave glede na destinacijo<\/h2>\n\n\t<div id=\"col-2096295719\" class=\"col medium-3 large-3\"  >\n\t\t\t\t<div class=\"col-inner\"  >\n\t\t\t\n\t\t\t\n\n<table>\n<tbody>\n<tr>\n<th>Dr\u017eava<\/th>\n<th>\u010cas dostave<\/th>\n<\/tr>\n<tr>\n<td>Avstrija<\/td>\n<td>1-2 dni<\/td>\n<\/tr>\n<tr>\n<td>Belgija<\/td>\n<td>3-4 dni<\/td>\n<\/tr>\n<tr>\n<td>Bolgarija<\/td>\n<td>3-5 dni<\/td>\n<\/tr>\n<tr>\n<td>Hrva\u0161ka<\/td>\n<td>1-2 dni<\/td>\n<\/tr>\n<tr>\n<td>\u010ce\u0161ka<\/td>\n<td>2-3 dni<\/td>\n<\/tr>\n<tr>\n<td>Danska<\/td>\n<td>3-5 dni<\/td>\n<\/tr>\n<tr>\n<td>Estonija<\/td>\n<td>4-5 dni<\/td>\n<\/tr>\n<tr>\n<td>Finska<\/td>\n<td>4-6 dni<\/td>\n<\/tr>\n<tr>\n<td>Francija<\/td>\n<td>2-5 dni<\/td>\n<\/tr>\n<tr>\n<td>Nem\u010dija<\/td>\n<td>2-3 dni<\/td>\n<\/tr>\n<tr>\n<td>Gr\u010dija<\/td>\n<td>3-5 dni<\/td>\n<\/tr>\n<tr>\n<td>Mad\u017earska<\/td>\n<td>2-3 dni<\/td>\n<\/tr>\n<tr>\n<td>Irska<\/td>\n<td>3-6 dni<\/td>\n<\/tr>\n<tr>\n<td>Italija<\/td>\n<td>2-4 dni<\/td>\n<\/tr>\n<tr>\n<td>Latvija<\/td>\n<td>4-5 dni<\/td>\n<\/tr>\n<tr>\n<td>Litva<\/td>\n<td>3-5 dni<\/td>\n<\/tr>\n<tr>\n<td>Luksemburg<\/td>\n<td>2-4 dni<\/td>\n<\/tr>\n<tr>\n<td>Nizozemska<\/td>\n<td>3-5 dni<\/td>\n<\/tr>\n<tr>\n<td>Norve\u0161ka<\/td>\n<td>4-5 dni<\/td>\n<\/tr>\n<tr>\n<td>Poljska<\/td>\n<td>3-5 dni<\/td>\n<\/tr>\n<tr>\n<td>Portugalska<\/td>\n<td>4-5 dni<\/td>\n<\/tr>\n<tr>\n<td>Romunija<\/td>\n<td>2-4 dni<\/td>\n<\/tr>\n<tr>\n<td>Srbija<\/td>\n<td>5-6 dni<\/td>\n<\/tr>\n<tr>\n<td>Slova\u0161ka<\/td>\n<td>2-3 dni<\/td>\n<\/tr>\n<tr>\n<td>\u0160panija<\/td>\n<td>3-4 dni<\/td>\n<\/tr>\n<tr>\n<td>\u0160vedska<\/td>\n<td>3-5 dni<\/td>\n<\/tr>\n<tr>\n<td>\u0160vica<\/td>\n<td>3-4 dni<\/td>\n<\/tr>\n<tr>\n<td>Velika Britanija<\/td>\n<td>3-5 dni<\/td>\n<\/tr>\n<tr>\n<td>Drugo<\/td>\n<td>Kontaktirajte nas<\/td>\n<\/tr>\n<\/tbody>\n<\/table>\n\n\t\t<\/div>\n\t\t\t\t\t<\/div>\n\n\t\n<h2>Vra\u010dila<\/h2>\n<p>Pred vra\u010dilom izdelkov kupljenih v ELUIR spletni trgovini, nas prosimo kontaktirajte na <a href=\"mailto:info@eluir.com\">info@eluir.com<\/a>, da poi\u0161\u010demo najbolj\u0161o re\u0161itev. Od prejema izdelkov, imate na voljo 14 dni \u010dasa, da se odlo\u010dite in nas obvestite, ali bi radi katerega izmed naro\u010denih izdelkov vrnili. V tem primeru morate izdelke vrniti v 30 dneh od dneva prejema. Prosimo, prilo\u017eite kopijo va\u0161ega ra\u010duna.<\/p>\n<p><strong>Naslov za vra\u010dila:<\/strong><br \/>\nELUIR d.o.o.<br \/>\nPrisojna ulica 5<br \/>\n1000 Ljubljana<br \/>\nSlovenija<\/p>\n<p>Vsi vrnjeni izdelki morajo biti v originalnem stanju. Izdelki bodo po vrnitvi pregledani in izdelki v neprimernem stanju bodo zavrnjeni. Vra\u010dila niso mogo\u010da za izdelke, ki so narejeni po meri, prilagojeni kup\u010devim potreba, ali pa so tak\u0161ne narave, da vra\u010dilo ni mogo\u010de.<\/p>\n<p>Izdelki, ki jih vra\u010date lahko pregledate in preizkusite le toliko, da se seznanite z dejanskim stanjem. Preizku\u0161anje izdelka na kakr\u0161en koli drug na\u010din ali njegova uporaba izni\u010di pravico do vra\u010dila.<\/p>\n<p>Dokler izdelkov ne sprejmemo, zanje odgovarjate vi, zato vam priporo\u010damo, da jih po\u0161ljete priporo\u010deno in v primeru ve\u010dje vrednosti paket zavarujete. Stro\u0161ke, ki so povezani z vra\u010danjem, kot je na primer po\u0161tnina, krije kupec. Na \u017ealost vam lahko povrnemo le znesek, kakr\u0161nega smo vam zara\u010dunali ob nakupu.<\/p>\n<p>Vra\u010dilo denarja bo izvedeno avtomati\u010dno, na na\u010din s katerim ste izdelek kupili. \u010ce zneska ne bomo mogli vrniti na kreditno kartico, PayPal ali katero drugo pla\u010dilno metodo, vam bomo povra\u010dilo nakazali na ban\u010dni ra\u010dun. V tem primeru vas bo na\u0161a ekipa kontaktirala, da vas vpra\u0161a po zahtevanih podatkih.<\/p>\n<p>Vra\u010dila bodo izvedena takoj ko bo mogo\u010de in nikoli pozneje kot v 14 dneh po prejemu vrnjenih izdelkov in drugih potrebnih informacij (kot so npr. podatki za ban\u010dno nakazilo).<\/p>\n\n","protected":false},"excerpt":{"rendered":"<p>Dostava po Sloveniji Dostavo po Sloveniji opravljata GLS in Po\u0161ta Slovenije. Predviden \u010das dostave od oddaje po\u0161iljke do dostave je 1-2 delovna dni. Stro\u0161ki po\u0161iljanja temeljijo na te\u017ei in dimenzijah paketa. Avtomati\u010dno se izra\u010dunajo, ko \u017eelene izdelke dodate v ko\u0161arico in izberete svojo dr\u017eavo. Dostava znotraj EU Dostava v dr\u017eave EU bo izvedel najbolj primeren [&#8230;]\n","protected":false},"author":1,"featured_media":0,"parent":0,"menu_order":0,"comment_status":"closed","ping_status":"closed","template":"","meta":{"footnotes":""},"class_list":["post-1797","page","type-page","status-publish","hentry"],"_links":{"self":[{"href":"https:\/\/www.eluir.com\/sl\/wp-json\/wp\/v2\/pages\/1797","targetHints":{"allow":["GET"]}}],"collection":[{"href":"https:\/\/www.eluir.com\/sl\/wp-json\/wp\/v2\/pages"}],"about":[{"href":"https:\/\/www.eluir.com\/sl\/wp-json\/wp\/v2\/types\/page"}],"author":[{"embeddable":true,"href":"https:\/\/www.eluir.com\/sl\/wp-json\/wp\/v2\/users\/1"}],"replies":[{"embeddable":true,"href":"https:\/\/www.eluir.com\/sl\/wp-json\/wp\/v2\/comments?post=1797"}],"version-history":[{"count":0,"href":"https:\/\/www.eluir.com\/sl\/wp-json\/wp\/v2\/pages\/1797\/revisions"}],"wp:attachment":[{"href":"https:\/\/www.eluir.com\/sl\/wp-json\/wp\/v2\/media?parent=1797"}],"curies":[{"name":"wp","href":"https:\/\/api.w.org\/{rel}","templated":true}]}}