{"id":33009,"date":"2021-04-18T18:16:25","date_gmt":"2021-04-18T16:16:25","guid":{"rendered":"https:\/\/www.eluir.com\/izjava-o-omejitvi-odgovornosti\/"},"modified":"2021-04-18T18:16:26","modified_gmt":"2021-04-18T16:16:26","slug":"izjava-o-omejitvi-odgovornosti","status":"publish","type":"page","link":"https:\/\/www.eluir.com\/sl\/izjava-o-omejitvi-odgovornosti\/","title":{"rendered":"Izjava o omejitvi odgovornosti"},"content":{"rendered":"\n<!-- Legal document generated by Complianz | GDPR\/CCPA Cookie Consent https:\/\/wordpress.org\/plugins\/complianz-gdpr -->\n<div id=\"cmplz-document\" class=\"cmplz-document disclaimer cmplz-document-all\"><p>ELUIR d.o.o. se zavezuje, da bo to spletno mesto posodobljeno in to\u010dno. \u010ce kljub temu naletite na nepravilno ali zastarelo informacijo, vam bomo hvale\u017eni, \u010de nas o tem obvestite. Navedite, kje na spletnem mestu ste prebrali informacije. To bomo \u010dim prej preverili. Va\u0161 odgovor po\u0161ljite po elektronski po\u0161ti na naslov: <span class=\"cmplz-obfuscate\">inf&#111;@<span class=\"cmplz-fmail-domain\">&#101;x.&#099;om<\/span>&#101;&#108;ui&#114;&#046;c&#111;m<\/span>.<\/p><p>Ne odgovarjamo za izgubo zaradi neto\u010dnosti ali nepopolnosti niti za izgubo, ki je posledica te\u017eav, ki jih povzro\u010di ali so nelo\u010dljivo povezane z raz\u0161irjanjem informacij prek interneta, kot so motnje ali prekinitve. Pri uporabi spletnih obrazcev si prizadevamo omejiti \u0161tevilo zahtevanih polj na minimum. Dru\u017eba ELUIR d.o.o. ne prevzema nobene odgovornosti za kakr\u0161no koli izgubo, nastalo zaradi uporabe podatkov, nasvetov ali zamisli, ki jih ELUIR d.o.o. ali v njegovem imenu posreduje prek tega spletnega mesta.<\/p><p>Za uporabo spletnega mesta in vseh njegovih sestavnih delov (vklju\u010dno s forumi) veljajo splo\u0161na <a href=\"https:\/\/www.eluir.com\/terms-conditions\/\" target=\"_blank\">pravila uporabe<\/a>. \u017de sama uporaba tega spletnega mesta pomeni, da ste seznanjeni s temi pogoji uporabe in jih sprejemate.<\/p><p>Odgovori in poizvedbe o zasebnosti, poslani po elektronski po\u0161ti ali prek spletnega obrazca, bodo obravnavani enako kot pisma. To pomeni, da lahko pri\u010dakujete na\u0161 odgovor najpozneje v enem mesecu. V primeru zapletenih zahtevkov vas bomo obvestili v roku 1 meseca, \u010de potrebujemo najve\u010d 3 mesece.<\/p><p>Vsi osebni podatki, ki nam jih posredujete v okviru svojega odgovora ali zahteve za informacije, bodo uporabljeni le v skladu z na\u0161o izjavo o zasebnosti.<\/p><p>ELUIR d.o.o. si po najbolj\u0161ih mo\u010deh prizadeva za\u0161\u010dititi svoje sisteme pred vsemi oblikami nezakonite uporabe. ELUIR d.o.o. v ta namen izvaja ustrezne tehni\u010dne in organizacijske ukrepe, pri \u010demer med drugim upo\u0161teva stanje tehnike. Vendar pa ne odgovarja za nobeno neposredno in\/ali posredno izgubo, ki jo utrpi uporabnik spletnega mesta zaradi nezakonite uporabe njegovih sistemov s strani tretje osebe.<\/p><p>ELUIR d.o.o. ne prevzema odgovornosti za vsebino spletnih strani, na katere ali s katerih je vzpostavljena hiperpovezava ali drug sklic. Za izdelke ali storitve, ki jih ponujajo tretje osebe, veljajo veljavni pogoji in dolo\u010dila teh tretjih oseb.<\/p><p>Vse pravice intelektualne lastnine za vsebino na tem spletnem mestu ima dru\u017eba ELUIR d.o.o..<\/p><p>Kopiranje, raz\u0161irjanje in kakr\u0161na koli druga uporaba teh gradiv ni dovoljena brez pisnega dovoljenja dru\u017ebe ELUIR d.o.o., razen in samo v primerih, ki jih dolo\u010dajo predpisi obvezne zakonodaje (na primer pravica do citiranja), razen \u010de posebna vsebina dolo\u010da druga\u010de.<\/p><p>\u010ce imate kakr\u0161na koli vpra\u0161anja ali te\u017eave z dostopnostjo spletnega mesta, se obrnite na nas.<\/p><\/div>","protected":false},"excerpt":{"rendered":"","protected":false},"author":411,"featured_media":0,"parent":0,"menu_order":0,"comment_status":"closed","ping_status":"closed","template":"","meta":{"footnotes":""},"class_list":["post-33009","page","type-page","status-publish","hentry"],"_links":{"self":[{"href":"https:\/\/www.eluir.com\/sl\/wp-json\/wp\/v2\/pages\/33009","targetHints":{"allow":["GET"]}}],"collection":[{"href":"https:\/\/www.eluir.com\/sl\/wp-json\/wp\/v2\/pages"}],"about":[{"href":"https:\/\/www.eluir.com\/sl\/wp-json\/wp\/v2\/types\/page"}],"author":[{"embeddable":true,"href":"https:\/\/www.eluir.com\/sl\/wp-json\/wp\/v2\/users\/411"}],"replies":[{"embeddable":true,"href":"https:\/\/www.eluir.com\/sl\/wp-json\/wp\/v2\/comments?post=33009"}],"version-history":[{"count":0,"href":"https:\/\/www.eluir.com\/sl\/wp-json\/wp\/v2\/pages\/33009\/revisions"}],"wp:attachment":[{"href":"https:\/\/www.eluir.com\/sl\/wp-json\/wp\/v2\/media?parent=33009"}],"curies":[{"name":"wp","href":"https:\/\/api.w.org\/{rel}","templated":true}]}}