{"id":13391,"date":"2019-03-19T20:01:29","date_gmt":"2019-03-19T22:00:50","guid":{"rendered":"https:\/\/www.eluir.com\/?post_type=product&#038;p=13391"},"modified":"2020-08-04T22:28:13","modified_gmt":"2020-08-04T20:28:13","slug":"battle-rope-50-mm-12-m-with-sleeve","status":"publish","type":"product","link":"https:\/\/www.eluir.com\/sl\/shop\/blagovne-znamke\/eluir-sl\/novi-produkti\/battle-rope-50-mm-12-m-with-sleeve\/","title":{"rendered":"ELUIR Battle Rope 50 mm 12 m &#8211; s prevleko"},"content":{"rendered":"<div class=\"row\"  id=\"row-342916137\">\n\n\t<div id=\"col-286784204\" class=\"col medium-6 small-12 large-6\"  >\n\t\t\t\t<div class=\"col-inner\"  >\n\t\t\t\n\t\t\t\n<p>ELUIR vadbena vrv Battle Rope ponuja veliko prednosti, saj med treningom krepite dlani, ramena, roke, jedro in celo noge, kjer kombinirate vadbo s po\u010depi. Ponuja vam vadbo za celotno telo in izjemno vsestranskost, saj jo lahko resni\u010dno uporabite za \u0161irok spekter vaj (kardio, plezalne vaje, vle\u010denje itd.).<\/p>\n<p>Vadbena vrv Battle rope je prekrita z najlonsko prevleko za za\u0161\u010dito vrvi pred trenjem, tako je bolj trpe\u017ena in vam bo slu\u017eila ve\u010d let.<\/p>\n\t\t<\/div>\n\t\t\t\t\t<\/div>\n\n\t\n\n\t<div id=\"col-809801944\" class=\"col medium-6 small-12 large-6\"  >\n\t\t\t\t<div class=\"col-inner\"  >\n\t\t\t\n\t\t\t\n<p><strong>Lastnosti<\/strong>:<\/p>\n<p>Dol\u017eina: 12 m<\/p>\n<p>Te\u017ea: 17 kg<\/p>\n<p>Material: Poliestrska vlakna<\/p>\n<p>Barva: \u010crna<\/p>\n<p>Premer: 50 mm<\/p>\n\t\t<\/div>\n\t\t\t\t\t<\/div>\n\n\t\n<\/div>\n","protected":false},"excerpt":{"rendered":"","protected":false},"featured_media":13372,"comment_status":"open","ping_status":"closed","template":"","meta":[],"product_brand":[],"product_cat":[366,533,585],"product_tag":[],"class_list":{"0":"post-13391","1":"product","2":"type-product","3":"status-publish","4":"has-post-thumbnail","6":"product_cat-eluir-sl","7":"product_cat-novi-produkti","8":"product_cat-vrvi","10":"first","11":"outofstock","12":"taxable","13":"shipping-taxable","14":"purchasable","15":"product-type-simple"},"composite_virtual":false,"composite_layout":"","composite_add_to_cart_form_location":"","composite_editable_in_cart":false,"composite_sold_individually_context":"","composite_shop_price_calc":"","composite_components":[],"composite_scenarios":[],"_links":{"self":[{"href":"https:\/\/www.eluir.com\/sl\/wp-json\/wp\/v2\/product\/13391","targetHints":{"allow":["GET"]}}],"collection":[{"href":"https:\/\/www.eluir.com\/sl\/wp-json\/wp\/v2\/product"}],"about":[{"href":"https:\/\/www.eluir.com\/sl\/wp-json\/wp\/v2\/types\/product"}],"replies":[{"embeddable":true,"href":"https:\/\/www.eluir.com\/sl\/wp-json\/wp\/v2\/comments?post=13391"}],"wp:featuredmedia":[{"embeddable":true,"href":"https:\/\/www.eluir.com\/sl\/wp-json\/wp\/v2\/media\/13372"}],"wp:attachment":[{"href":"https:\/\/www.eluir.com\/sl\/wp-json\/wp\/v2\/media?parent=13391"}],"wp:term":[{"taxonomy":"product_brand","embeddable":true,"href":"https:\/\/www.eluir.com\/sl\/wp-json\/wp\/v2\/product_brand?post=13391"},{"taxonomy":"product_cat","embeddable":true,"href":"https:\/\/www.eluir.com\/sl\/wp-json\/wp\/v2\/product_cat?post=13391"},{"taxonomy":"product_tag","embeddable":true,"href":"https:\/\/www.eluir.com\/sl\/wp-json\/wp\/v2\/product_tag?post=13391"}],"curies":[{"name":"wp","href":"https:\/\/api.w.org\/{rel}","templated":true}]}}