{"id":1692,"date":"2014-12-02T05:03:59","date_gmt":"2014-12-02T04:03:59","guid":{"rendered":"https:\/\/www.eluir.com\/shop\/eluir-kletka-r3\/"},"modified":"2017-11-13T11:32:29","modified_gmt":"2017-11-13T10:32:29","slug":"kletka-r3","status":"publish","type":"product","link":"https:\/\/www.eluir.com\/sl\/shop\/blagovne-znamke\/eluir-sl\/kletka-r3\/","title":{"rendered":"ELUIR kletka R3"},"content":{"rendered":"<div class=\"row\"  id=\"row-751357057\">\n<center><\/p>\n<h2>Izbira profesionalcev.<\/h2>\n<p><\/center><br \/>\n<img decoding=\"async\" src=\"https:\/\/www.eluir.com\/wp-content\/uploads\/2014\/12\/rig-r3-landscape.jpg\" alt=\"rig-r6-test-5\" width=\"1050\" height=\"343\" class=\"aligncenter size-full wp-image-1175\" \/><br \/>\n\n\t<div id=\"col-958728006\" class=\"col medium-1\/2 large-6\"  >\n\t\t\t\t<div class=\"col-inner\"  >\n\t\t\t\n\t\t\t\n<p>\n<strong>ELUIR kletka R3 je obvezna oprema vsake telovadnice.Je vse, kar va\u0161a telovadnica potrebuje za popolne treninge in zadovoljne stranke!<\/strong>\n<\/p>\n<p>\nELUIR R3 se pona\u0161a z 2 postajama za po\u010depe\/bench press. Na njej lahko zgibe\/muscle-upe brez te\u017eav izvaja 6 ljudi naenkrat. Vse to brez kakr\u0161nega koli znaka nestabilnosti! R3 bo ostal trden kot skala \u0161e leta!\n<\/p>\n<p>\nTa izdelek privzeto ponujamo z dvojnimi palicami za zgibe, vendar lahko nekatere ali vse izmed njih enostavno zamenjate z drugimi tipi v meniju zgoraj. Enojne, trojne, prevle\u010dene s cinkom &#8230; na voljo so vse! \u0160iroka izbira <strong><em><a href=\"https:\/\/www.eluir.com\/sl\/izdelek-kategorija\/oprema\/pripomocki-oprema\/dodatki-nadgradnje\/\">nadgradenj<\/a><\/em><\/strong> \u0161e dodatno raz\u0161iri uporabnost ELUIR R3 kletke in jo dvigne na neprimerljiv nivo.\n<\/p>\n<p>\nVse kletke so izdelane v strogo nadzorovanem okolju, po na\u010drtih vodilnih in\u017eenirjev v stroki.Izrezane so z natan\u010dnostjo +\/- 0,1 mm in pobarvane pod pritiskom s protikorozijskim nanosom. Tako kot vsi ELUIR izdelki, tudi kletka R3 dosega najvi\u0161jo kakovost.\n<\/p>\n<p>\n<strong>ELUIR R3 je enostavno neprecenljiv pripomo\u010dek za vsako resno telovadnico in investicija, ki je ne boste nikoli ob\u017ealovali!<\/strong><\/p>\n<p>\n<em>\u010ce imate kakr\u0161na koli vpra\u0161anja o tem izdelku, nas lahko kadar koli kontaktirate na: <strong><a href=\"mailto:info@eluir.com\">info@eluir.com<\/a><\/strong>.<\/em>\n<\/p>\n\t\t<\/div>\n\t\t\t\t\t<\/div>\n\n\t\n\n\t<div id=\"col-73247356\" class=\"col medium-1\/2 large-6\"  >\n\t\t\t\t<div class=\"col-inner\"  >\n\t\t\t\n\t\t\t\n<h3>Specifikacije:<\/h3>\n<ul>\n<li>Skupna dol\u017eina: 344 cm<\/li>\n<li>Skupna globina: 231 cm<\/li>\n<li>Skupna vi\u0161ina: 251,2 cm<\/li>\n<li>Material: visoko kakovostno 3 mm industrijsko jeklo<\/li>\n<li>Proces izdelave: robotski laserski razrez s +\/- 0,1 mm natan\u010dnostjo<\/li>\n<li>Barvanje: barvanje pod pritiskom s protikorozijskim nanosom<\/li>\n<li>Barva: globoko \u010drna<\/li>\n<li>\u0160tevilo postaj za po\u010depe\/bench press: 2<\/li>\n<li>\u0160tevilo postaj za zgibe, brez notranjih pre\u010dnih palic: 6<\/li>\n<li>Za notranjo uporabo<\/li>\n<li>Izdelano v EU<\/li>\n<\/ul>\n<h3>Vsebuje:<\/h3>\n<ul>\n<li>6 vertikalnih stebrov (251,2 cm) s 5 cm razmikom lukenj od centra do centra<\/li>\n<li>\n2 <a href=\"https:\/\/www.eluir.com\/sl\/trgovina\/dvojna-palica-za-zgibe\/\">kratki dvojni palici za zgibe<\/a> (114 cm)<\/li>\n<li>5 <a href=\"https:\/\/www.eluir.com\/sl\/trgovina\/dvojna-palica-za-zgibe\/\">dolgih dvojnih palic za zgibe<\/a> (215 cm)<\/li>\n<li>4 pare <a href=\"https:\/\/www.eluir.com\/sl\/trgovina\/j-hook\/\">J-Hookov<\/a><\/li>\n<li>Standardni komplet za sidranje (24 vijakov)<\/li>\n<li>Natan\u010dna navodila za sestavljanje<\/li>\n<li><strong>2-letna garancija na strukturno trdnost kovinskih delov<\/strong><\/li>\n<li>\n<em>Ne vklju\u010duje dodatne opreme (olimpijske palice, ute\u017ei in klopi) prikazane na sliki zgoraj.<\/em><\/li>\n<\/ul>\n\t\t<\/div>\n\t\t\t\t\t<\/div>\n\n\t\n<\/div>\n","protected":false},"excerpt":{"rendered":"<p>Na voljo z ELUIR hitro izdelavo. Prosimo <a href=\"mailto:info@eluir.com\">kontaktirajte nas<\/a>, \u010de \u017eelite izvedeti ve\u010d o \u010dasu do po\u0161iljanja.<\/p>\n","protected":false},"featured_media":1227,"comment_status":"open","ping_status":"closed","template":"","meta":[],"product_brand":[],"product_cat":[366,117],"product_tag":[],"class_list":{"0":"post-1692","1":"product","2":"type-product","3":"status-publish","4":"has-post-thumbnail","6":"product_cat-eluir-sl","7":"product_cat-kletke-samostojece","9":"first","10":"instock","11":"taxable","12":"shipping-taxable","13":"purchasable","14":"product-type-composite"},"composite_virtual":false,"composite_layout":"single","composite_add_to_cart_form_location":"default","composite_editable_in_cart":false,"composite_sold_individually_context":"product","composite_shop_price_calc":"min_max","composite_components":[{"id":"1417509612","title":"Upgrade Short Pull-Up Bars","description":"<p>Select the design and number of short pull-up bars you would like to substitute.<\/p>\n","query_type":"product_ids","query_ids":[1701,1702,1703],"default_option_id":"","thumbnail_id":"","thumbnail_src":"","quantity_min":1,"quantity_max":2,"priced_individually":true,"shipped_individually":false,"optional":true,"discount":"","options_style":"dropdowns","pagination_style":"classic","display_prices":"absolute","show_sorting_options":false,"show_filtering_options":false,"attribute_filter_ids":[],"select_action":"view","product_title_visible":false,"product_descr_visible":true,"product_price_visible":true,"product_thumb_visible":true,"subtotal_visible_product":true,"subtotal_visible_cart":true,"subtotal_visible_orders":true},{"id":"1417509731","title":"Upgrade Long Pull-Up Bars","description":"<p>Select the design and number of long pull-up bars you would like to substitute.<\/p>\n","query_type":"product_ids","query_ids":[1704],"default_option_id":"","thumbnail_id":"","thumbnail_src":"","quantity_min":1,"quantity_max":5,"priced_individually":true,"shipped_individually":false,"optional":true,"discount":"","options_style":"dropdowns","pagination_style":"classic","display_prices":"absolute","show_sorting_options":false,"show_filtering_options":false,"attribute_filter_ids":[],"select_action":"view","product_title_visible":false,"product_descr_visible":true,"product_price_visible":true,"product_thumb_visible":true,"subtotal_visible_product":true,"subtotal_visible_cart":true,"subtotal_visible_orders":true},{"id":"1418209343","title":"Upgrade Additional Pull-Up Bars","description":"<p>If you would like to upgrade some of the default pull-up bars with an additional third design of bars, please select it here.<\/p>\n","query_type":"product_ids","query_ids":[1721,1720,1719,1718],"default_option_id":"","thumbnail_id":"","thumbnail_src":"","quantity_min":1,"quantity_max":7,"priced_individually":true,"shipped_individually":false,"optional":true,"discount":"","options_style":"dropdowns","pagination_style":"classic","display_prices":"absolute","show_sorting_options":false,"show_filtering_options":false,"attribute_filter_ids":[],"select_action":"view","product_title_visible":false,"product_descr_visible":true,"product_price_visible":true,"product_thumb_visible":true,"subtotal_visible_product":true,"subtotal_visible_cart":true,"subtotal_visible_orders":true},{"id":"1417509877","title":"Safety Arms","description":"<p>Add optional Safety Arms for safer squatting and bench pressing.<\/p>\n","query_type":"product_ids","query_ids":[1761],"default_option_id":"","thumbnail_id":"","thumbnail_src":"","quantity_min":1,"quantity_max":99,"priced_individually":true,"shipped_individually":false,"optional":true,"discount":"","options_style":"dropdowns","pagination_style":"classic","display_prices":"absolute","show_sorting_options":false,"show_filtering_options":false,"attribute_filter_ids":[],"select_action":"view","product_title_visible":false,"product_descr_visible":true,"product_price_visible":true,"product_thumb_visible":true,"subtotal_visible_product":true,"subtotal_visible_cart":true,"subtotal_visible_orders":true},{"id":"1417509914","title":"Dip Attachment","description":"<p>Add optional Dip Attachment.<\/p>\n","query_type":"product_ids","query_ids":[1765],"default_option_id":"","thumbnail_id":"","thumbnail_src":"","quantity_min":1,"quantity_max":99,"priced_individually":true,"shipped_individually":false,"optional":true,"discount":"","options_style":"dropdowns","pagination_style":"classic","display_prices":"absolute","show_sorting_options":false,"show_filtering_options":false,"attribute_filter_ids":[],"select_action":"view","product_title_visible":false,"product_descr_visible":true,"product_price_visible":true,"product_thumb_visible":true,"subtotal_visible_product":true,"subtotal_visible_cart":true,"subtotal_visible_orders":true},{"id":"1417509808","title":"Extra J-Hooks","description":"<p>Add additional J-Hooks. <b>Two pairs are already included<\/b> in the basic version of this product.<\/p>\n","query_type":"product_ids","query_ids":[1763],"default_option_id":"","thumbnail_id":"","thumbnail_src":"","quantity_min":1,"quantity_max":99,"priced_individually":true,"shipped_individually":false,"optional":true,"discount":"","options_style":"dropdowns","pagination_style":"classic","display_prices":"absolute","show_sorting_options":false,"show_filtering_options":false,"attribute_filter_ids":[],"select_action":"view","product_title_visible":false,"product_descr_visible":true,"product_price_visible":true,"product_thumb_visible":true,"subtotal_visible_product":true,"subtotal_visible_cart":true,"subtotal_visible_orders":true}],"composite_scenarios":[],"_links":{"self":[{"href":"https:\/\/www.eluir.com\/sl\/wp-json\/wp\/v2\/product\/1692","targetHints":{"allow":["GET"]}}],"collection":[{"href":"https:\/\/www.eluir.com\/sl\/wp-json\/wp\/v2\/product"}],"about":[{"href":"https:\/\/www.eluir.com\/sl\/wp-json\/wp\/v2\/types\/product"}],"replies":[{"embeddable":true,"href":"https:\/\/www.eluir.com\/sl\/wp-json\/wp\/v2\/comments?post=1692"}],"wp:featuredmedia":[{"embeddable":true,"href":"https:\/\/www.eluir.com\/sl\/wp-json\/wp\/v2\/media\/1227"}],"wp:attachment":[{"href":"https:\/\/www.eluir.com\/sl\/wp-json\/wp\/v2\/media?parent=1692"}],"wp:term":[{"taxonomy":"product_brand","embeddable":true,"href":"https:\/\/www.eluir.com\/sl\/wp-json\/wp\/v2\/product_brand?post=1692"},{"taxonomy":"product_cat","embeddable":true,"href":"https:\/\/www.eluir.com\/sl\/wp-json\/wp\/v2\/product_cat?post=1692"},{"taxonomy":"product_tag","embeddable":true,"href":"https:\/\/www.eluir.com\/sl\/wp-json\/wp\/v2\/product_tag?post=1692"}],"curies":[{"name":"wp","href":"https:\/\/api.w.org\/{rel}","templated":true}]}}