{"id":1694,"date":"2014-12-02T05:07:04","date_gmt":"2014-12-02T04:07:04","guid":{"rendered":"https:\/\/www.eluir.com\/shop\/eluir-kletka-r5\/"},"modified":"2017-11-13T11:38:54","modified_gmt":"2017-11-13T10:38:54","slug":"kletka-r5","status":"publish","type":"product","link":"https:\/\/www.eluir.com\/sl\/shop\/blagovne-znamke\/eluir-sl\/kletka-r5\/","title":{"rendered":"ELUIR kletka R5"},"content":{"rendered":"<div class=\"row\"  id=\"row-758599362\">\n<center><\/p>\n<h2>Izbira profesionalcev.<\/h2>\n<p><\/center><br \/>\n<img decoding=\"async\" src=\"https:\/\/www.eluir.com\/wp-content\/uploads\/2014\/12\/rig-r5-landscape.jpg\" alt=\"rig-r6-test-5\" width=\"1050\" height=\"343\" class=\"aligncenter size-full wp-image-1175\" \/><br \/>\n\n\t<div id=\"col-1252122204\" class=\"col medium-1\/2 large-6\"  >\n\t\t\t\t<div class=\"col-inner\"  >\n\t\t\t\n\t\t\t\n<p>\n<strong>Obvezna oprema vsake telovadnice. ELUIR kletka R5 je vse, kar va\u0161a telovadnica potrebuje za popolne treninge in zadovoljne stranke!<\/strong>\n<\/p>\n<p>\nELUIR R5 se pona\u0161a s 4 postajami za po\u010depe\/bench press, na njej pa lahko brez te\u017eav zgibe\/muscle-upe naenkrat izvaja kar 12 ljudi. Vse to brez kakr\u0161nega koli znaka nestabilnosti! R5 bo ostal trden kot skala \u0161e leta!\n<\/p>\n<p>\nTa izdelek privzeto ponujamo z dvojnimi palicami za zgibe, vendar lahko nekatere ali vse izmed njih enostavno zamenjate z drugimi tipi v meniju zgoraj. Enojne, trojne, prevle\u010dene s cinkom &#8230; na voljo so vse! \u0160iroka izbira <strong><em><a href=\"https:\/\/www.eluir.com\/sl\/izdelek-kategorija\/oprema\/pripomocki-oprema\/dodatki-nadgradnje\/\">nadgradenj<\/a><\/em><\/strong> \u0161e dodatno raz\u0161iri uporabnost ELUIR R5 kletke in jo dvigne na neprimerljiv nivo.\n<\/p>\n<p>\nVsi ELUIR izdelki dosegajo najvi\u0161jo kakovost, na\u010drtujejo jih vodilni in\u017eenirji v stroki, izdelani pa so v strogo nadzorovanem okolju. ELUIR R5 kletka je lasersko razrezana z natan\u010dnostjo +\/- 0,1 mm in pobarvana pod pritiskom s protikorozijskim nanosom.\n<\/p>\n<p>\n<strong>ELUIR R5 je enostavno neprecenljiv pripomo\u010dek za vsako resno telovadnico in investicija, ki je ne boste nikoli ob\u017ealovali!<\/strong><\/p>\n<p>\n<em>\u010ce imate kakr\u0161na koli vpra\u0161anja o tem izdelku, nas lahko kadar koli kontaktirate: <strong><a href=\"mailto:info@eluir.com\">info@eluir.com<\/a><\/strong>.<\/em>\n<\/p>\n\t\t<\/div>\n\t\t\t\t\t<\/div>\n\n\t\n\n\t<div id=\"col-1128092704\" class=\"col medium-1\/2 large-6\"  >\n\t\t\t\t<div class=\"col-inner\"  >\n\t\t\t\n\t\t\t\n<h3>Specifikacije:<\/h3>\n<ul>\n<li>Skupna dol\u017eina: 683 cm<\/li>\n<li>Skupna globina: 231 cm<\/li>\n<li>Skupna vi\u0161ina: 251,2 cm<\/li>\n<li>Material: visoko kakovostno 3 mm industrijsko jeklo<\/li>\n<li>Proces izdelave: robotski laserski razrez s +\/- 0,1 mm natan\u010dnostjo<\/li>\n<li>Barvanje: barvanje pod pritiskom s protikorozijskim nanosom<\/li>\n<li>Barva: globoko \u010drna<\/li>\n<li>\u0160tevilo postaj za po\u010depe\/bench press: 4<\/li>\n<li>\u0160tevilo postaj za zgibe, brez notranjih pre\u010dnih palic: 12<\/li>\n<li>Za notranjo uporabo<\/li>\n<li>Izdelano v EU<\/li>\n<\/ul>\n<h3>Vsebuje:<\/h3>\n<ul>\n<li>10 vertikalnih stebrov (251,2 cm) s 5 cm razmikom lukenj od centra do centra<\/li>\n<li>\n4 <a href=\"https:\/\/www.eluir.com\/sl\/trgovina\/dvojna-palica-za-zgibe\/\">kratke dvojne palice za zgibe<\/a> (114 cm)<\/li>\n<li>9 <a href=\"https:\/\/www.eluir.com\/sl\/trgovina\/dvojna-palica-za-zgibe\/\">dolgih dvojnih palic za zgibe<\/a> (215 cm)<\/li>\n<li>4 pare <a href=\"https:\/\/www.eluir.com\/sl\/trgovina\/j-hook\/\">J-Hookov<\/a><\/li>\n<li>Standardni komplet za sidranje (40 vijakov)<\/li>\n<li>Natan\u010dna navodila za sestavljanje<\/li>\n<li><strong>2-letna garancija na strukturno trdnost kovinskih delov<\/strong><\/li>\n<li>\n<em>Ne vklju\u010duje dodatne opreme (olimpijske palice, ute\u017ei in klopi) prikazane na sliki zgoraj.<\/em><\/li>\n<\/ul>\n\t\t<\/div>\n\t\t\t\t\t<\/div>\n\n\t\n<\/div>\n","protected":false},"excerpt":{"rendered":"<p>Na voljo z ELUIR hitro izdelavo. Prosimo <a href=\"mailto:info@eluir.com\">kontaktirajte nas<\/a>, \u010de \u017eelite izvedeti ve\u010d o \u010dasu do po\u0161iljanja.<\/p>\n","protected":false},"featured_media":1217,"comment_status":"open","ping_status":"closed","template":"","meta":[],"product_brand":[],"product_cat":[366,117],"product_tag":[],"class_list":{"0":"post-1694","1":"product","2":"type-product","3":"status-publish","4":"has-post-thumbnail","6":"product_cat-eluir-sl","7":"product_cat-kletke-samostojece","9":"first","10":"instock","11":"taxable","12":"shipping-taxable","13":"purchasable","14":"product-type-composite"},"composite_virtual":false,"composite_layout":"single","composite_add_to_cart_form_location":"default","composite_editable_in_cart":false,"composite_sold_individually_context":"product","composite_shop_price_calc":"min_max","composite_components":[{"id":"1417745210","title":"Upgrade Short Pull-Up Bars","description":"<p>Select the design and number of short pull-up bars you would like to substitute.<\/p>\n","query_type":"product_ids","query_ids":[1721,1720,1719],"default_option_id":"","thumbnail_id":"","thumbnail_src":"","quantity_min":1,"quantity_max":4,"priced_individually":true,"shipped_individually":false,"optional":true,"discount":"","options_style":"dropdowns","pagination_style":"classic","display_prices":"absolute","show_sorting_options":false,"show_filtering_options":false,"attribute_filter_ids":[],"select_action":"view","product_title_visible":true,"product_descr_visible":true,"product_price_visible":true,"product_thumb_visible":true,"subtotal_visible_product":true,"subtotal_visible_cart":true,"subtotal_visible_orders":true},{"id":"1417745295","title":"Upgrade Long Pull-Up Bars","description":"<p>Select the design and number of long pull-up bars you would like to substitute.<\/p>\n","query_type":"product_ids","query_ids":[1718],"default_option_id":"","thumbnail_id":"","thumbnail_src":"","quantity_min":1,"quantity_max":9,"priced_individually":true,"shipped_individually":false,"optional":true,"discount":"","options_style":"dropdowns","pagination_style":"classic","display_prices":"absolute","show_sorting_options":false,"show_filtering_options":false,"attribute_filter_ids":[],"select_action":"view","product_title_visible":false,"product_descr_visible":true,"product_price_visible":true,"product_thumb_visible":true,"subtotal_visible_product":true,"subtotal_visible_cart":true,"subtotal_visible_orders":true},{"id":"1417745373","title":"Upgrade Additional Pull-Up Bars","description":"<p>If you would like to upgrade some of the default pull-up bars with an additional third design of bars, please select it here.<\/p>\n","query_type":"product_ids","query_ids":[1721,1720,1719,1718],"default_option_id":"","thumbnail_id":"","thumbnail_src":"","quantity_min":1,"quantity_max":13,"priced_individually":true,"shipped_individually":false,"optional":true,"discount":"","options_style":"dropdowns","pagination_style":"classic","display_prices":"absolute","show_sorting_options":false,"show_filtering_options":false,"attribute_filter_ids":[],"select_action":"view","product_title_visible":false,"product_descr_visible":true,"product_price_visible":true,"product_thumb_visible":true,"subtotal_visible_product":true,"subtotal_visible_cart":true,"subtotal_visible_orders":true},{"id":"1417745419","title":"Safety Arms","description":"<p>Add optional Safety Arms for safer squatting and bench pressing.<\/p>\n","query_type":"product_ids","query_ids":[1761],"default_option_id":"","thumbnail_id":"","thumbnail_src":"","quantity_min":1,"quantity_max":99,"priced_individually":true,"shipped_individually":false,"optional":true,"discount":"","options_style":"dropdowns","pagination_style":"classic","display_prices":"absolute","show_sorting_options":false,"show_filtering_options":false,"attribute_filter_ids":[],"select_action":"view","product_title_visible":false,"product_descr_visible":true,"product_price_visible":true,"product_thumb_visible":true,"subtotal_visible_product":true,"subtotal_visible_cart":true,"subtotal_visible_orders":true},{"id":"1417745455","title":"Dip Attachment","description":"<p>Add optional Dip Attachment.<\/p>\n","query_type":"product_ids","query_ids":[1765],"default_option_id":"","thumbnail_id":"","thumbnail_src":"","quantity_min":1,"quantity_max":99,"priced_individually":true,"shipped_individually":false,"optional":true,"discount":"","options_style":"dropdowns","pagination_style":"classic","display_prices":"absolute","show_sorting_options":false,"show_filtering_options":false,"attribute_filter_ids":[],"select_action":"view","product_title_visible":false,"product_descr_visible":true,"product_price_visible":true,"product_thumb_visible":true,"subtotal_visible_product":true,"subtotal_visible_cart":true,"subtotal_visible_orders":true},{"id":"1417745522","title":"Extra J-Hooks","description":"<p>Add additional J-Hooks. <strong>Four pairs are already included<\/strong> in the basic version of this product.<\/p>\n","query_type":"product_ids","query_ids":[1763],"default_option_id":"","thumbnail_id":"","thumbnail_src":"","quantity_min":1,"quantity_max":99,"priced_individually":true,"shipped_individually":false,"optional":true,"discount":"","options_style":"dropdowns","pagination_style":"classic","display_prices":"absolute","show_sorting_options":false,"show_filtering_options":false,"attribute_filter_ids":[],"select_action":"view","product_title_visible":false,"product_descr_visible":true,"product_price_visible":true,"product_thumb_visible":true,"subtotal_visible_product":true,"subtotal_visible_cart":true,"subtotal_visible_orders":true}],"composite_scenarios":[],"_links":{"self":[{"href":"https:\/\/www.eluir.com\/sl\/wp-json\/wp\/v2\/product\/1694","targetHints":{"allow":["GET"]}}],"collection":[{"href":"https:\/\/www.eluir.com\/sl\/wp-json\/wp\/v2\/product"}],"about":[{"href":"https:\/\/www.eluir.com\/sl\/wp-json\/wp\/v2\/types\/product"}],"replies":[{"embeddable":true,"href":"https:\/\/www.eluir.com\/sl\/wp-json\/wp\/v2\/comments?post=1694"}],"wp:featuredmedia":[{"embeddable":true,"href":"https:\/\/www.eluir.com\/sl\/wp-json\/wp\/v2\/media\/1217"}],"wp:attachment":[{"href":"https:\/\/www.eluir.com\/sl\/wp-json\/wp\/v2\/media?parent=1694"}],"wp:term":[{"taxonomy":"product_brand","embeddable":true,"href":"https:\/\/www.eluir.com\/sl\/wp-json\/wp\/v2\/product_brand?post=1694"},{"taxonomy":"product_cat","embeddable":true,"href":"https:\/\/www.eluir.com\/sl\/wp-json\/wp\/v2\/product_cat?post=1694"},{"taxonomy":"product_tag","embeddable":true,"href":"https:\/\/www.eluir.com\/sl\/wp-json\/wp\/v2\/product_tag?post=1694"}],"curies":[{"name":"wp","href":"https:\/\/api.w.org\/{rel}","templated":true}]}}