{"id":1699,"date":"2014-12-02T05:23:16","date_gmt":"2014-12-02T04:23:16","guid":{"rendered":"https:\/\/www.eluir.com\/shop\/eluir-stenska-kletka-w6\/"},"modified":"2017-11-13T11:20:41","modified_gmt":"2017-11-13T10:20:41","slug":"stenska-kletka-w6","status":"publish","type":"product","link":"https:\/\/www.eluir.com\/sl\/shop\/blagovne-znamke\/eluir-sl\/stenska-kletka-w6\/","title":{"rendered":"ELUIR stenska kletka W6"},"content":{"rendered":"<div class=\"row\"  id=\"row-1241073925\">\n<center><\/p>\n<h2>Izbira profesionalcev.<\/h2>\n<p><\/center><br \/>\n\n\t<div id=\"col-1891860202\" class=\"col medium-1\/2 large-6\"  >\n\t\t\t\t<div class=\"col-inner\"  >\n\t\t\t\n\t\t\t\n<p>\n<div class=\"row\"  id=\"row-1534521268\"><\/div>\n<center><\/p>\n<h2>Izbira profesionalcev.<\/h2>\n<p><\/center><br \/>\n\n\t<div id=\"col-144668338\" class=\"col medium-1\/2 large-6\"  >\n\t\t\t\t<div class=\"col-inner\"  >\n\t\t\t\n\t\t\t\t\t<\/div>\n\t\t\t\t\t<\/div>\n\n\t\n<p><h3>SPECIFIKACIJE:<\/h3>\n<ul>\n<li>Skupna dol\u017eina: 802 cm<\/li>\n<li>Skupna globina: 223 cm<\/li>\n<li>Skupna vi\u0161ina: 251,2 cm<\/li>\n<li>Material: visoko kakovostno 3 mm industrijsko jeklo<\/li>\n<li>Proces izdelave: robotski laserski izrez s +\/- 0,1 mm natan\u010dnostjo<\/li>\n<li>Barvanje: barvanje pod pritiskom s protikorozijskim nanosom<\/li>\n<li>Barva: globoko \u010drna<\/li>\n<li>\u0160tevilo postaj za po\u010depe\/bench press: 3<\/li>\n<li>\u0160tevilo postaj za zgibe, brez notranjih pre\u010dnih palic: 9<\/li>\n<li>Za notranjo uporabo<\/li>\n<li>Izdelano v EU<\/li>\n<\/ul>\n<h3>VSEBUJE:<\/h3>\n<ul>\n<li>6 vertikalnih stebrov (251,2 cm), s 5 cm razmikom lukenj od centra do centra\n<li>3 kratke dvojne palice za zgibe (114 cm)\n<li>8 dolgih dvojnih palic za zgibe (215 cm)\n<li>3 para J-hookov\n<li>Standardni komplet za sidranje (48 vijakov)\n<li>Natan\u010dna navodila za sestavljanje\n<li>2-letna garancija na strukturno trdnost kovinskih delov\n<li>Ne vklju\u010duje dodatne opreme (olimpijske palice, ute\u017ei in klop) prikazane na sliki zgoraj\n<\/ul>\n\t\t<\/div>\n\t\t\t\t\t<\/div>\n\n\t\n\n\t<div id=\"col-1422927188\" class=\"col medium-1\/2 large-6\"  >\n\t\t\t\t<div class=\"col-inner\"  >\n\t\t\t\n\t\t\t\n<p>\n<em>\u010ce imate kakr\u0161no koli vpra\u0161anje v zvezi s tem izdelkom, nas lahko kadar koli kontaktirate: <strong><a href=\"mailto:info@eluir.com\">info@eluir.com<\/a><\/strong>.<\/em>\n<\/p>\n\t\t<\/div>\n\t\t\t\t\t<\/div>\n\n\t\n<\/div>\n","protected":false},"excerpt":{"rendered":"<p>Na voljo z ELUIR hitro izdelavo. Prosimo <a href=\"mailto:info@eluir.com\">kontaktirajte nas<\/a>, \u010de \u017eelite izvedeti ve\u010d o \u010dasu do po\u0161iljanja.<\/p>\n","protected":false},"featured_media":1231,"comment_status":"open","ping_status":"closed","template":"","meta":[],"product_brand":[],"product_cat":[366,118],"product_tag":[],"class_list":{"0":"post-1699","1":"product","2":"type-product","3":"status-publish","4":"has-post-thumbnail","6":"product_cat-eluir-sl","7":"product_cat-stenske-kletke","9":"first","10":"instock","11":"taxable","12":"shipping-taxable","13":"purchasable","14":"product-type-composite"},"composite_virtual":false,"composite_layout":"single","composite_add_to_cart_form_location":"default","composite_editable_in_cart":false,"composite_sold_individually_context":"product","composite_shop_price_calc":"min_max","composite_components":[{"id":"1418072161","title":"Upgrade Short Pull-Up Bars","description":"<p>Select the design and number of short pull-up bars you would like to substitute.<\/p>\n","query_type":"product_ids","query_ids":[1721,1720,1719],"default_option_id":"","thumbnail_id":"","thumbnail_src":"","quantity_min":1,"quantity_max":3,"priced_individually":true,"shipped_individually":false,"optional":true,"discount":"","options_style":"dropdowns","pagination_style":"classic","display_prices":"absolute","show_sorting_options":false,"show_filtering_options":false,"attribute_filter_ids":[],"select_action":"view","product_title_visible":false,"product_descr_visible":true,"product_price_visible":true,"product_thumb_visible":true,"subtotal_visible_product":true,"subtotal_visible_cart":true,"subtotal_visible_orders":true},{"id":"1418072162","title":"Upgrade Long Pull-Up Bars","description":"<p>Select the design and number of long pull-up bars you would like to substitute.<\/p>\n","query_type":"product_ids","query_ids":[1718],"default_option_id":"","thumbnail_id":"","thumbnail_src":"","quantity_min":1,"quantity_max":8,"priced_individually":true,"shipped_individually":false,"optional":true,"discount":"","options_style":"dropdowns","pagination_style":"classic","display_prices":"absolute","show_sorting_options":false,"show_filtering_options":false,"attribute_filter_ids":[],"select_action":"view","product_title_visible":false,"product_descr_visible":true,"product_price_visible":true,"product_thumb_visible":true,"subtotal_visible_product":true,"subtotal_visible_cart":true,"subtotal_visible_orders":true},{"id":"1418209773","title":"Upgrade Additional Pull-Up Bars","description":"<p>If you would like to upgrade some of the default pull-up bars with an additional third design of bars, please select it here.<\/p>\n","query_type":"product_ids","query_ids":[1721,1720,1719,1718],"default_option_id":"","thumbnail_id":"","thumbnail_src":"","quantity_min":1,"quantity_max":11,"priced_individually":true,"shipped_individually":false,"optional":true,"discount":"","options_style":"dropdowns","pagination_style":"classic","display_prices":"absolute","show_sorting_options":false,"show_filtering_options":false,"attribute_filter_ids":[],"select_action":"view","product_title_visible":false,"product_descr_visible":true,"product_price_visible":true,"product_thumb_visible":true,"subtotal_visible_product":true,"subtotal_visible_cart":true,"subtotal_visible_orders":true},{"id":"1418072163","title":"Safety Arms","description":"<p>Add optional Safety Arms for safer squatting and bench pressing.<\/p>\n","query_type":"product_ids","query_ids":[1761],"default_option_id":"","thumbnail_id":"","thumbnail_src":"","quantity_min":1,"quantity_max":99,"priced_individually":true,"shipped_individually":false,"optional":true,"discount":"","options_style":"dropdowns","pagination_style":"classic","display_prices":"absolute","show_sorting_options":false,"show_filtering_options":false,"attribute_filter_ids":[],"select_action":"view","product_title_visible":false,"product_descr_visible":true,"product_price_visible":true,"product_thumb_visible":true,"subtotal_visible_product":true,"subtotal_visible_cart":true,"subtotal_visible_orders":true},{"id":"1418072164","title":"Dip Attachment","description":"<p>Add optional Dip Attachment.<\/p>\n","query_type":"product_ids","query_ids":[1765],"default_option_id":"","thumbnail_id":"","thumbnail_src":"","quantity_min":1,"quantity_max":99,"priced_individually":true,"shipped_individually":false,"optional":true,"discount":"","options_style":"dropdowns","pagination_style":"classic","display_prices":"absolute","show_sorting_options":false,"show_filtering_options":false,"attribute_filter_ids":[],"select_action":"view","product_title_visible":false,"product_descr_visible":true,"product_price_visible":true,"product_thumb_visible":true,"subtotal_visible_product":true,"subtotal_visible_cart":true,"subtotal_visible_orders":true},{"id":"1418072165","title":"Extra J-Hooks","description":"<p>Add additional J-Hooks. <strong>Three pairs<\/strong> are already included in the basic version of this product.<\/p>\n","query_type":"product_ids","query_ids":[1763],"default_option_id":"","thumbnail_id":"","thumbnail_src":"","quantity_min":1,"quantity_max":99,"priced_individually":true,"shipped_individually":false,"optional":true,"discount":"","options_style":"dropdowns","pagination_style":"classic","display_prices":"absolute","show_sorting_options":false,"show_filtering_options":false,"attribute_filter_ids":[],"select_action":"view","product_title_visible":false,"product_descr_visible":true,"product_price_visible":true,"product_thumb_visible":true,"subtotal_visible_product":true,"subtotal_visible_cart":true,"subtotal_visible_orders":true}],"composite_scenarios":[],"_links":{"self":[{"href":"https:\/\/www.eluir.com\/sl\/wp-json\/wp\/v2\/product\/1699","targetHints":{"allow":["GET"]}}],"collection":[{"href":"https:\/\/www.eluir.com\/sl\/wp-json\/wp\/v2\/product"}],"about":[{"href":"https:\/\/www.eluir.com\/sl\/wp-json\/wp\/v2\/types\/product"}],"replies":[{"embeddable":true,"href":"https:\/\/www.eluir.com\/sl\/wp-json\/wp\/v2\/comments?post=1699"}],"wp:featuredmedia":[{"embeddable":true,"href":"https:\/\/www.eluir.com\/sl\/wp-json\/wp\/v2\/media\/1231"}],"wp:attachment":[{"href":"https:\/\/www.eluir.com\/sl\/wp-json\/wp\/v2\/media?parent=1699"}],"wp:term":[{"taxonomy":"product_brand","embeddable":true,"href":"https:\/\/www.eluir.com\/sl\/wp-json\/wp\/v2\/product_brand?post=1699"},{"taxonomy":"product_cat","embeddable":true,"href":"https:\/\/www.eluir.com\/sl\/wp-json\/wp\/v2\/product_cat?post=1699"},{"taxonomy":"product_tag","embeddable":true,"href":"https:\/\/www.eluir.com\/sl\/wp-json\/wp\/v2\/product_tag?post=1699"}],"curies":[{"name":"wp","href":"https:\/\/api.w.org\/{rel}","templated":true}]}}