{"id":19526,"date":"2019-09-16T18:59:42","date_gmt":"2019-09-16T16:59:42","guid":{"rendered":"https:\/\/www.eluir.com\/?post_type=product&#038;p=19526"},"modified":"2021-07-02T09:36:25","modified_gmt":"2021-07-02T07:36:25","slug":"eluir-gimnasticni-obroci-leseni-fig-standard-copy-copy","status":"publish","type":"product","link":"https:\/\/www.eluir.com\/sl\/shop\/blagovne-znamke\/eluir-sl\/novi-produkti\/ponovno-na-zalogi\/eluir-gimnasticni-obroci-leseni-fig-standard-copy-copy\/","title":{"rendered":"Gimnasti\u010dni obro\u010di ELUIR &#8211; plastika"},"content":{"rendered":"<div class=\"row\"  id=\"row-619045219\">\n<p>&nbsp;<\/p>\n<h2>Vrhunsko orodje v funkcionalnem treningu.<\/h2>\n\n\t<div id=\"col-1001299665\" class=\"col medium-1\/2 large-6\"  >\n\t\t\t\t<div class=\"col-inner\"  >\n\t\t\t\n\t\t\t\n<p>Vsak komplet vsebuje par plasti\u010dnih obro\u010dev in 4,6 m dolge najlonske trakove s kovinskim sistemom zapenjanja za enostavno in hitro prilagajanje Enostavno jih obesite iz pre\u010dnega nosilca v telovadnici, stebra doma ali pa se zabavajte zunaj, kjer lahko za oporo uporabite drevo.<\/p>\n<p>Obro\u010di so narejeni iz ABS plastike. ki zagotavlja ekstremno mo\u010d in mo\u017enost izvedbe visokega \u0161tevila razli\u010dnih vaj, kot so: zgibi, muscle-upi, sklece in skleki na obro\u010dih, veslanje na obro\u010dih, prednji\/zadnji \u201clever\u201d, \u201cskin the cats\u201d in karkoli drugega \u0161e morate narediti, da ste lahko najbolj\u0161i.<\/p>\n<p>ELUIR gimnasti\u010dni obro\u010di so pripravljeni za notranjo in zunanjo uporabo v lepem vremenu. Plasti\u010dni obro\u010di ne smejo nikoli biti shranjeni zunaj ali uporabljeni v de\u017eju.<\/p>\n\t\t<\/div>\n\t\t\t\t\t<\/div>\n\n\t\n\n\t<div id=\"col-1707245044\" class=\"col medium-1\/2 large-6\"  >\n\t\t\t\t<div class=\"col-inner\"  >\n\t\t\t\n\t\t\t\n<h3>Lastnosti:<\/h3>\n<ul>\n<li>Prodaja v kompletu po 2 (en par)<\/li>\n<li>Material: ABS<\/li>\n<li>Notranji premer: 18 cm<\/li>\n<li>Zunanji premer: 23 cm<\/li>\n<li>Debelina: 28 mm<\/li>\n<li>Vklju\u010duje dva 25 mm te\u017eka \u010drna najlonska jermena s kovinskimi zaponkami<\/li>\n<li>Dol\u017eina traku: 4,6 m<\/li>\n<\/ul>\n\t\t<\/div>\n\t\t\t\t\t<\/div>\n\n\t\n<\/div>\n","protected":false},"excerpt":{"rendered":"<p>Obi\u010dajno odposlano v 24 urah.<\/p>\n","protected":false},"featured_media":19528,"comment_status":"open","ping_status":"closed","template":"","meta":[],"product_brand":[],"product_cat":[739,737,366,110,687],"product_tag":[],"class_list":{"0":"post-19526","1":"product","2":"type-product","3":"status-publish","4":"has-post-thumbnail","6":"product_cat-novosti","7":"product_cat-ponovno-na-zalogi","8":"product_cat-eluir-sl","9":"product_cat-pripomocki-oprema","10":"product_cat-pripomocki-za-fintess","12":"first","13":"instock","14":"taxable","15":"shipping-taxable","16":"purchasable","17":"product-type-simple"},"composite_virtual":false,"composite_layout":"","composite_add_to_cart_form_location":"","composite_editable_in_cart":false,"composite_sold_individually_context":"","composite_shop_price_calc":"","composite_components":[],"composite_scenarios":[],"_links":{"self":[{"href":"https:\/\/www.eluir.com\/sl\/wp-json\/wp\/v2\/product\/19526","targetHints":{"allow":["GET"]}}],"collection":[{"href":"https:\/\/www.eluir.com\/sl\/wp-json\/wp\/v2\/product"}],"about":[{"href":"https:\/\/www.eluir.com\/sl\/wp-json\/wp\/v2\/types\/product"}],"replies":[{"embeddable":true,"href":"https:\/\/www.eluir.com\/sl\/wp-json\/wp\/v2\/comments?post=19526"}],"wp:featuredmedia":[{"embeddable":true,"href":"https:\/\/www.eluir.com\/sl\/wp-json\/wp\/v2\/media\/19528"}],"wp:attachment":[{"href":"https:\/\/www.eluir.com\/sl\/wp-json\/wp\/v2\/media?parent=19526"}],"wp:term":[{"taxonomy":"product_brand","embeddable":true,"href":"https:\/\/www.eluir.com\/sl\/wp-json\/wp\/v2\/product_brand?post=19526"},{"taxonomy":"product_cat","embeddable":true,"href":"https:\/\/www.eluir.com\/sl\/wp-json\/wp\/v2\/product_cat?post=19526"},{"taxonomy":"product_tag","embeddable":true,"href":"https:\/\/www.eluir.com\/sl\/wp-json\/wp\/v2\/product_tag?post=19526"}],"curies":[{"name":"wp","href":"https:\/\/api.w.org\/{rel}","templated":true}]}}