{"id":27346,"date":"2020-01-30T12:06:01","date_gmt":"2020-01-30T11:07:10","guid":{"rendered":"https:\/\/www.eluir.com\/?post_type=product&#038;p=27346"},"modified":"2021-08-19T14:49:40","modified_gmt":"2021-08-19T12:49:40","slug":"eluir-zenske-pajkice-modre","status":"publish","type":"product","link":"https:\/\/www.eluir.com\/sl\/shop\/blagovne-znamke\/eluir-sl\/novi-produkti\/eluir-zenske-pajkice-modre\/","title":{"rendered":"ELUIR \u017denske Pajkice &#8211; Modre"},"content":{"rendered":"<h1>ELUIR \u017denske Pajkice<\/h1>\n<p>ELUIR \u017denske Pajkice brez\u00a0\u0161ivov z visokim pasom<\/p>\n<ul>\n<li>Hitro su\u0161e\u010de<\/li>\n<li>Visok pas<\/li>\n<li>Raztegljive<\/li>\n<li>Kompresijske<\/li>\n<li>Za trening<\/li>\n<li>Antibakterijske<\/li>\n<li>Antistati\u010dne<\/li>\n<li>UV za\u0161\u010ditne<\/li>\n<\/ul>\n<p>Primerene tudi za nose\u010dnice<\/p>\n<p>Material: Spandex\/Nylon<\/p>\n","protected":false},"excerpt":{"rendered":"<p>ELUIR \u017denske Pajkice ELUIR \u017denske Pajkice brez\u00a0\u0161ivov z visokim pasom Hitro su\u0161e\u010de Visok pas Raztegljive Kompresijske Za trening Antibakterijske Antistati\u010dne UV za\u0161\u010ditne Primerene tudi za nose\u010dnice Material: Spandex\/Nylon<\/p>\n","protected":false},"featured_media":31215,"comment_status":"open","ping_status":"closed","template":"","meta":[],"product_brand":[],"product_cat":[366,533,169,95,573],"product_tag":[],"class_list":{"0":"post-27346","1":"product","2":"type-product","3":"status-publish","4":"has-post-thumbnail","6":"product_cat-eluir-sl","7":"product_cat-novi-produkti","8":"product_cat-izpostavljeno","9":"product_cat-oblacila","10":"product_cat-pajkice-hlacke","12":"first","13":"instock","14":"sale","15":"taxable","16":"shipping-taxable","17":"purchasable","18":"product-type-variable"},"composite_virtual":false,"composite_layout":"","composite_add_to_cart_form_location":"","composite_editable_in_cart":false,"composite_sold_individually_context":"","composite_shop_price_calc":"","composite_components":[],"composite_scenarios":[],"_links":{"self":[{"href":"https:\/\/www.eluir.com\/sl\/wp-json\/wp\/v2\/product\/27346","targetHints":{"allow":["GET"]}}],"collection":[{"href":"https:\/\/www.eluir.com\/sl\/wp-json\/wp\/v2\/product"}],"about":[{"href":"https:\/\/www.eluir.com\/sl\/wp-json\/wp\/v2\/types\/product"}],"replies":[{"embeddable":true,"href":"https:\/\/www.eluir.com\/sl\/wp-json\/wp\/v2\/comments?post=27346"}],"wp:featuredmedia":[{"embeddable":true,"href":"https:\/\/www.eluir.com\/sl\/wp-json\/wp\/v2\/media\/31215"}],"wp:attachment":[{"href":"https:\/\/www.eluir.com\/sl\/wp-json\/wp\/v2\/media?parent=27346"}],"wp:term":[{"taxonomy":"product_brand","embeddable":true,"href":"https:\/\/www.eluir.com\/sl\/wp-json\/wp\/v2\/product_brand?post=27346"},{"taxonomy":"product_cat","embeddable":true,"href":"https:\/\/www.eluir.com\/sl\/wp-json\/wp\/v2\/product_cat?post=27346"},{"taxonomy":"product_tag","embeddable":true,"href":"https:\/\/www.eluir.com\/sl\/wp-json\/wp\/v2\/product_tag?post=27346"}],"curies":[{"name":"wp","href":"https:\/\/api.w.org\/{rel}","templated":true}]}}