{"id":29805,"date":"2020-02-25T13:41:43","date_gmt":"2020-02-25T12:41:43","guid":{"rendered":"https:\/\/www.eluir.com\/shop\/nekategorizirano\/eluir-traka-za-glezanj\/"},"modified":"2021-02-23T20:03:51","modified_gmt":"2021-02-23T19:03:51","slug":"eluir-traka-za-glezanj","status":"publish","type":"product","link":"https:\/\/www.eluir.com\/sl\/shop\/blagovne-znamke\/eluir-sl\/novi-produkti\/eluir-traka-za-glezanj\/","title":{"rendered":"ELUIR TRAK ZA GLE\u017dENJ"},"content":{"rendered":"<h2>ELUIR TRAK ZA GLE\u017dENJ<\/h2>\n<p>&nbsp;<\/p>\n<div class=\"p-rich_text_section\">Trak za gle\u017eenj je pripomo\u010dek za vadbo, katero izvajate na napravah v fitnesih ali doma s ciljem oja\u010danja ter oblikovanja mi\u0161ic.<br \/>\nNa traku, je kovinski prstan, katerega pripnete na vrv naprave ali drugega pripomo\u010dka s katerim bi \u017eeleli izvajati vajo.<\/div>\n<div class=\"p-rich_text_section\">Izbolj\u0161ajte tehniko in mo\u010d nog in zadnjice z udobnim trakom, ki je mo\u010dnej\u0161i od ostalih na trgu.<\/div>\n<div><\/div>\n<div class=\"p-rich_text_section\">Priporo\u010damo za vse, ki:<\/div>\n<ul class=\"p-rich_text_list p-rich_text_list__bullet\" data-stringify-type=\"unordered-list\" data-indent=\"0\">\n<li>bi radi pobolj\u0161ali mo\u010d pri igrah z \u017eogo (mo\u010dnej\u0161i udarec \u017eoge ali met)<\/li>\n<li>se ukvarjajo z borilnimi \u0161porti (mo\u010dnej\u0161i adduktorji, abduktorji ter lateralni udarci)<\/li>\n<li>gimnastika<\/li>\n<li>fitness<\/li>\n<li>bodybuilding<\/li>\n<li>raztezanje<\/li>\n<\/ul>\n<div class=\"p-rich_text_section\"><\/div>\n","protected":false},"excerpt":{"rendered":"<p>ELUIR TRAK ZA GLE\u017dENJ &nbsp; Trak za gle\u017eenj je pripomo\u010dek za vadbo, katero izvajate na napravah v fitnesih ali doma s ciljem oja\u010danja ter oblikovanja mi\u0161ic. Na traku, je kovinski prstan, katerega pripnete na vrv naprave ali drugega pripomo\u010dka s katerim bi \u017eeleli izvajati vajo. Izbolj\u0161ajte tehniko in mo\u010d nog in zadnjice z udobnim trakom, [&#8230;]\n","protected":false},"featured_media":29281,"comment_status":"open","ping_status":"closed","template":"","meta":[],"product_brand":[],"product_cat":[366,533,687],"product_tag":[],"class_list":{"0":"post-29805","1":"product","2":"type-product","3":"status-publish","4":"has-post-thumbnail","6":"product_cat-eluir-sl","7":"product_cat-novi-produkti","8":"product_cat-pripomocki-za-fintess","10":"first","11":"instock","12":"taxable","13":"shipping-taxable","14":"purchasable","15":"product-type-simple"},"composite_virtual":false,"composite_layout":"","composite_add_to_cart_form_location":"","composite_editable_in_cart":false,"composite_sold_individually_context":"","composite_shop_price_calc":"","composite_components":[],"composite_scenarios":[],"_links":{"self":[{"href":"https:\/\/www.eluir.com\/sl\/wp-json\/wp\/v2\/product\/29805","targetHints":{"allow":["GET"]}}],"collection":[{"href":"https:\/\/www.eluir.com\/sl\/wp-json\/wp\/v2\/product"}],"about":[{"href":"https:\/\/www.eluir.com\/sl\/wp-json\/wp\/v2\/types\/product"}],"replies":[{"embeddable":true,"href":"https:\/\/www.eluir.com\/sl\/wp-json\/wp\/v2\/comments?post=29805"}],"wp:featuredmedia":[{"embeddable":true,"href":"https:\/\/www.eluir.com\/sl\/wp-json\/wp\/v2\/media\/29281"}],"wp:attachment":[{"href":"https:\/\/www.eluir.com\/sl\/wp-json\/wp\/v2\/media?parent=29805"}],"wp:term":[{"taxonomy":"product_brand","embeddable":true,"href":"https:\/\/www.eluir.com\/sl\/wp-json\/wp\/v2\/product_brand?post=29805"},{"taxonomy":"product_cat","embeddable":true,"href":"https:\/\/www.eluir.com\/sl\/wp-json\/wp\/v2\/product_cat?post=29805"},{"taxonomy":"product_tag","embeddable":true,"href":"https:\/\/www.eluir.com\/sl\/wp-json\/wp\/v2\/product_tag?post=29805"}],"curies":[{"name":"wp","href":"https:\/\/api.w.org\/{rel}","templated":true}]}}