{"id":30624,"date":"2020-03-28T14:44:45","date_gmt":"2020-03-28T13:44:46","guid":{"rendered":"https:\/\/www.eluir.com\/?post_type=product&#038;p=30624"},"modified":"2020-04-03T14:53:05","modified_gmt":"2020-04-03T12:53:05","slug":"eluir-power-set-lite","status":"publish","type":"product","link":"https:\/\/www.eluir.com\/sl\/shop\/oprema\/kletke-in-stojala-za-pocepe\/seti\/eluir-power-set-lite\/","title":{"rendered":"ELUIR Power Set Lite"},"content":{"rendered":"<p><strong>Na\u0161 moto je: &#8220;Od poweliferjev za powerlifterje!&#8221;<\/strong><\/p>\n<div>Zaradi velikega povpra\u0161evanja za na\u0161 ELUIR Power set 1.0., smo se odlo\u010dili, da izdelamo manj\u0161i set, ki ga lahko uporabljate doma ali profesionalno v telovadnici. \u017deleli smo izdelati popolno kombinacijo opreme, ki bi jo lahko uporabili za sprostitev lastnih potencialov in ki vam ne vzame toliko prostora.<\/div>\n<div><\/div>\n<div>Izdelano v EU s kakovostnimi jeklenimi profili 60 x 60 x 3 mm.<\/div>\n<div><\/div>\n<div>ELUIR Power set 1.0 vklju\u010duje:<\/div>\n<ul>\n<li>ELUIR Bench PRO<\/li>\n<li>ELUIR Squat Stand Lite<\/li>\n<\/ul>\n<div><\/div>\n<div>Dodatki, ki jih lahko izbirate med:<\/div>\n<ul>\n<li>ELUIR gumirane ute\u017ei<\/li>\n<li>Palica ELUIR<\/li>\n<\/ul>\n<div>Specifikacije:<\/div>\n<div><\/div>\n<ul>\n<li>Vi\u0161ina: 179 cm<\/li>\n<li>\u0160irina: 128 cm<\/li>\n<li>Razmik med luknjami: 5 cm od sredi\u0161\u010da do sredi\u0161\u010da<\/li>\n<li>Material: 3 mm visoko industrijsko jeklo<\/li>\n<li>Proizvodni postopek: robotski laserski rez z natan\u010dnostjo +\/- 0,1 mm<\/li>\n<li>Barva: brizgalna barva s korozijsko obstojno prevleko<\/li>\n<li>Barva: temno \u010drna<\/li>\n<li>Za notranjo uporabo<\/li>\n<li>Izdelano v EU<\/li>\n<\/ul>\n","protected":false},"excerpt":{"rendered":"<p>Narejeno in poslano v 21 do 28 dneh.<\/p>\n","protected":false},"featured_media":30654,"comment_status":"open","ping_status":"closed","template":"","meta":[],"product_brand":[],"product_cat":[648],"product_tag":[],"class_list":{"0":"post-30624","1":"product","2":"type-product","3":"status-publish","4":"has-post-thumbnail","6":"product_cat-seti","8":"first","9":"instock","10":"featured","11":"taxable","12":"shipping-taxable","13":"purchasable","14":"product-type-composite"},"composite_virtual":false,"composite_layout":"single","composite_add_to_cart_form_location":"default","composite_editable_in_cart":false,"composite_sold_individually_context":"product","composite_shop_price_calc":"min_max","composite_components":[{"id":"1584195274","title":"ELUIR Barbell","description":"","query_type":"product_ids","query_ids":[30362,32285],"default_option_id":"","thumbnail_id":"","thumbnail_src":"","quantity_min":1,"quantity_max":1,"priced_individually":true,"shipped_individually":false,"optional":true,"discount":10,"options_style":"dropdowns","pagination_style":"classic","display_prices":"absolute","show_sorting_options":false,"show_filtering_options":false,"attribute_filter_ids":[],"select_action":"view","product_title_visible":false,"product_descr_visible":true,"product_price_visible":true,"product_thumb_visible":true,"subtotal_visible_product":true,"subtotal_visible_cart":true,"subtotal_visible_orders":true},{"id":"1585517407","title":"ELUIR Bumper Weight plates SET - 90 kg","description":"","query_type":"product_ids","query_ids":[30347],"default_option_id":"","thumbnail_id":"","thumbnail_src":"","quantity_min":1,"quantity_max":1,"priced_individually":true,"shipped_individually":false,"optional":true,"discount":10,"options_style":"dropdowns","pagination_style":"classic","display_prices":"absolute","show_sorting_options":false,"show_filtering_options":false,"attribute_filter_ids":[],"select_action":"view","product_title_visible":true,"product_descr_visible":true,"product_price_visible":true,"product_thumb_visible":true,"subtotal_visible_product":true,"subtotal_visible_cart":true,"subtotal_visible_orders":true}],"composite_scenarios":[],"_links":{"self":[{"href":"https:\/\/www.eluir.com\/sl\/wp-json\/wp\/v2\/product\/30624","targetHints":{"allow":["GET"]}}],"collection":[{"href":"https:\/\/www.eluir.com\/sl\/wp-json\/wp\/v2\/product"}],"about":[{"href":"https:\/\/www.eluir.com\/sl\/wp-json\/wp\/v2\/types\/product"}],"replies":[{"embeddable":true,"href":"https:\/\/www.eluir.com\/sl\/wp-json\/wp\/v2\/comments?post=30624"}],"wp:featuredmedia":[{"embeddable":true,"href":"https:\/\/www.eluir.com\/sl\/wp-json\/wp\/v2\/media\/30654"}],"wp:attachment":[{"href":"https:\/\/www.eluir.com\/sl\/wp-json\/wp\/v2\/media?parent=30624"}],"wp:term":[{"taxonomy":"product_brand","embeddable":true,"href":"https:\/\/www.eluir.com\/sl\/wp-json\/wp\/v2\/product_brand?post=30624"},{"taxonomy":"product_cat","embeddable":true,"href":"https:\/\/www.eluir.com\/sl\/wp-json\/wp\/v2\/product_cat?post=30624"},{"taxonomy":"product_tag","embeddable":true,"href":"https:\/\/www.eluir.com\/sl\/wp-json\/wp\/v2\/product_tag?post=30624"}],"curies":[{"name":"wp","href":"https:\/\/api.w.org\/{rel}","templated":true}]}}