{"id":3118,"date":"2015-08-18T22:57:02","date_gmt":"2015-08-18T20:57:02","guid":{"rendered":"https:\/\/www.eluir.com\/sl\/trgovina\/eluir-platforma-za-dviganje-utezi-pro-2-5-zadnji-kos\/"},"modified":"2025-12-09T16:32:03","modified_gmt":"2025-12-09T15:32:03","slug":"eluir-powerlifting-platforma-pro","status":"publish","type":"product","link":"https:\/\/www.eluir.com\/sl\/shop\/oprema\/oprema-za-fitnese\/tla-podloge\/eluir-powerlifting-platforma-pro\/","title":{"rendered":"ELUIR Powerlifting platforma Pro"},"content":{"rendered":"<h2 data-start=\"327\" data-end=\"406\"><strong data-start=\"337\" data-end=\"404\">ELUIR Powerlifting platforma PRO \u2013 trdna osnova za maksimalne dvige<\/strong><\/h2>\n<p data-start=\"408\" data-end=\"457\"><strong data-start=\"408\" data-end=\"455\">Trdni temelji za varne in u\u010dinkovite dvige!<\/strong><\/p>\n<p data-start=\"459\" data-end=\"815\">ELUIR Powerlifting platforma je profesionalna <strong data-start=\"505\" data-end=\"538\">platforma za dvigovanje ute\u017ei<\/strong>, zasnovana posebej za powerlifterje in vse, ki \u017eelijo stabilno in varno osnovo za dvige. Idealna za telovadnice, fitnese, boxe in doma\u010de vadbene prostore. Omogo\u010da izvrstno bla\u017eenje odboja pri ute\u017eeh odvr\u017eenih z vi\u0161ine, s \u010dimer \u0161\u010diti tla, opremo in pove\u010dava varnost treninga.<\/p>\n<h3 data-start=\"822\" data-end=\"848\"><strong data-start=\"828\" data-end=\"846\">Specifikacije:<\/strong><\/h3>\n<ul data-start=\"850\" data-end=\"1428\">\n<li data-start=\"850\" data-end=\"876\">\n<p data-start=\"852\" data-end=\"876\">Skupna \u0161irina: 2260 mm<\/p>\n<\/li>\n<li data-start=\"877\" data-end=\"904\">\n<p data-start=\"879\" data-end=\"904\">Skupna globina: 1560 mm<\/p>\n<\/li>\n<li data-start=\"905\" data-end=\"929\">\n<p data-start=\"907\" data-end=\"929\">Skupna vi\u0161ina: 34 mm<\/p>\n<\/li>\n<li data-start=\"930\" data-end=\"953\">\n<p data-start=\"932\" data-end=\"953\">Skupna te\u017ea: 210 kg<\/p>\n<\/li>\n<li data-start=\"954\" data-end=\"989\">\n<p data-start=\"956\" data-end=\"989\">Debelina gumiranih plo\u0161\u010d: 30 mm<\/p>\n<\/li>\n<li data-start=\"990\" data-end=\"1047\">\n<p data-start=\"992\" data-end=\"1047\">Lesena centralna osnova: nedrse\u010d OSB (\u0161irina: 120 cm)<\/p>\n<\/li>\n<li data-start=\"1048\" data-end=\"1067\">\n<p data-start=\"1050\" data-end=\"1067\">Okvir: 30\u00d730 mm<\/p>\n<\/li>\n<li data-start=\"1068\" data-end=\"1131\">\n<p data-start=\"1070\" data-end=\"1131\">Material okvirja: visoko kakovostno 3 mm industrijsko jeklo<\/p>\n<\/li>\n<li data-start=\"1132\" data-end=\"1150\">\n<p data-start=\"1134\" data-end=\"1150\">Oja\u010dani vogali<\/p>\n<\/li>\n<li data-start=\"1151\" data-end=\"1248\">\n<p data-start=\"1153\" data-end=\"1248\">Proces izdelave: robotski laserski razrez s +\/- 0,1 mm natan\u010dnostjo in ro\u010dno izdelano blazino<\/p>\n<\/li>\n<li data-start=\"1249\" data-end=\"1312\">\n<p data-start=\"1251\" data-end=\"1312\">Barvanje: barvanje pod pritiskom s protikorozijskim nanosom<\/p>\n<\/li>\n<li data-start=\"1313\" data-end=\"1354\">\n<p data-start=\"1315\" data-end=\"1354\">Barva jeklenega okvirja: globoko \u010drna<\/p>\n<\/li>\n<li data-start=\"1355\" data-end=\"1386\">\n<p data-start=\"1357\" data-end=\"1386\">Barva gumiranih plo\u0161\u010d: \u010drna<\/p>\n<\/li>\n<li data-start=\"1387\" data-end=\"1410\">\n<p data-start=\"1389\" data-end=\"1410\">Za notranjo uporabo<\/p>\n<\/li>\n<li data-start=\"1411\" data-end=\"1428\">\n<p data-start=\"1413\" data-end=\"1428\">Izdelano v EU<\/p>\n<\/li>\n<\/ul>\n<h3 data-start=\"1435\" data-end=\"1458\"><strong data-start=\"1442\" data-end=\"1456\">Vklju\u010duje:<\/strong><\/h3>\n<ul data-start=\"1460\" data-end=\"1635\">\n<li data-start=\"1460\" data-end=\"1537\">\n<p data-start=\"1462\" data-end=\"1537\">Popoln komplet platforme za dviganje ute\u017ei skupaj z 6 gumiranimi plo\u0161\u010dami<\/p>\n<\/li>\n<li data-start=\"1538\" data-end=\"1575\">\n<p data-start=\"1540\" data-end=\"1575\">Podrobna navodila za sestavljanje<\/p>\n<\/li>\n<li data-start=\"1576\" data-end=\"1635\">\n<p data-start=\"1578\" data-end=\"1635\">2-letno garancijo na strukturno trdnost kovinskih delov<\/p>\n<\/li>\n<\/ul>\n<h3 data-start=\"1642\" data-end=\"1694\"><strong data-start=\"1649\" data-end=\"1692\">Prednosti ELUIR Powerlifting platforme:<\/strong><\/h3>\n<ul data-start=\"1696\" data-end=\"1971\">\n<li data-start=\"1696\" data-end=\"1753\">\n<p data-start=\"1698\" data-end=\"1753\">Stabilna <strong data-start=\"1707\" data-end=\"1733\">powerlifting platforma<\/strong> za najte\u017eje dvige<\/p>\n<\/li>\n<li data-start=\"1754\" data-end=\"1806\">\n<p data-start=\"1756\" data-end=\"1806\">Izjemno bla\u017eenje odboja za za\u0161\u010dito tal in opreme<\/p>\n<\/li>\n<li data-start=\"1807\" data-end=\"1869\">\n<p data-start=\"1809\" data-end=\"1869\">Primerna za profesionalne vadbene centre in doma\u010do uporabo<\/p>\n<\/li>\n<li data-start=\"1870\" data-end=\"1909\">\n<p data-start=\"1872\" data-end=\"1909\">Dolga \u017eivljenjska doba in trpe\u017enost<\/p>\n<\/li>\n<li data-start=\"1910\" data-end=\"1971\">\n<p data-start=\"1912\" data-end=\"1971\">Zagotavlja varno in zanesljivo osnovo za vse vrste dvigov<\/p>\n<\/li>\n<\/ul>\n<p data-start=\"1912\" data-end=\"1971\"><span style=\"font-size: 14.4px;\">Z <\/span><strong style=\"font-size: 14.4px;\" data-start=\"1977\" data-end=\"2016\">ELUIR platformo za dvigovanje ute\u017ei<\/strong><span style=\"font-size: 14.4px;\"> boste dosegli maksimalno varnost in u\u010dinkovitost treninga, ne glede na va\u0161o raven izku\u0161enosti.<\/span><\/p>\n","protected":false},"excerpt":{"rendered":"<p>ELUIR Powerlifting platforma PRO je premium platforma za dvigovanje ute\u017ei, idealna za powerlifting in fitnes. Stabilna, gumirana in trpe\u017ena za vse vrste dvigov.<\/p>\n<p>Obi\u010dajno odposlano v 4 tednih.<\/p>\n","protected":false},"featured_media":30171,"comment_status":"open","ping_status":"closed","template":"","meta":[],"product_brand":[],"product_cat":[533,169,121,114],"product_tag":[],"class_list":{"0":"post-3118","1":"product","2":"type-product","3":"status-publish","4":"has-post-thumbnail","6":"product_cat-novi-produkti","7":"product_cat-izpostavljeno","8":"product_cat-platforme","9":"product_cat-tla-podloge","11":"first","12":"instock","13":"featured","14":"taxable","15":"shipping-taxable","16":"purchasable","17":"product-type-simple"},"composite_virtual":false,"composite_layout":"","composite_add_to_cart_form_location":"","composite_editable_in_cart":false,"composite_sold_individually_context":"","composite_shop_price_calc":"","composite_components":[],"composite_scenarios":[],"_links":{"self":[{"href":"https:\/\/www.eluir.com\/sl\/wp-json\/wp\/v2\/product\/3118","targetHints":{"allow":["GET"]}}],"collection":[{"href":"https:\/\/www.eluir.com\/sl\/wp-json\/wp\/v2\/product"}],"about":[{"href":"https:\/\/www.eluir.com\/sl\/wp-json\/wp\/v2\/types\/product"}],"replies":[{"embeddable":true,"href":"https:\/\/www.eluir.com\/sl\/wp-json\/wp\/v2\/comments?post=3118"}],"wp:featuredmedia":[{"embeddable":true,"href":"https:\/\/www.eluir.com\/sl\/wp-json\/wp\/v2\/media\/30171"}],"wp:attachment":[{"href":"https:\/\/www.eluir.com\/sl\/wp-json\/wp\/v2\/media?parent=3118"}],"wp:term":[{"taxonomy":"product_brand","embeddable":true,"href":"https:\/\/www.eluir.com\/sl\/wp-json\/wp\/v2\/product_brand?post=3118"},{"taxonomy":"product_cat","embeddable":true,"href":"https:\/\/www.eluir.com\/sl\/wp-json\/wp\/v2\/product_cat?post=3118"},{"taxonomy":"product_tag","embeddable":true,"href":"https:\/\/www.eluir.com\/sl\/wp-json\/wp\/v2\/product_tag?post=3118"}],"curies":[{"name":"wp","href":"https:\/\/api.w.org\/{rel}","templated":true}]}}