{"id":32285,"date":"2020-11-07T00:07:20","date_gmt":"2020-11-06T23:07:20","guid":{"rendered":"https:\/\/www.eluir.com\/shop\/nekategorizirano\/eluir-power-bar\/"},"modified":"2020-11-11T21:23:49","modified_gmt":"2020-11-11T20:23:49","slug":"eluir-power-bar","status":"publish","type":"product","link":"https:\/\/www.eluir.com\/sl\/shop\/blagovne-znamke\/eluir-sl\/novi-produkti\/eluir-power-bar\/","title":{"rendered":"ELUIR Power Bar"},"content":{"rendered":"<h2>ELUIR Power Bar &#8211; z centralnim knurlingom<\/h2>\n<p>Eluir Power Bar va\u0161e treninge powerliftinga dvigne na novo raven. Kot powerlifting palica ponuja agresivnen knurling, ki vam omogo\u010da dober oprijem (centralni knurling je nekoliko bla\u017eji), mo\u010dno osrednjo os s premerom 29 mm in narezanimi rokavi, ki nudijo odli\u010dni oprijem va\u0161e ute\u017ei. Zaradi robustne in kakovostne konstrukcije lahko prenese vsakodnevno te\u017eko uporabo.<\/p>\n<table width=\"378\">\n<tbody>\n<tr>\n<td width=\"191\">Te\u017ea:<\/td>\n<td width=\"187\">20 kg<\/td>\n<\/tr>\n<tr>\n<td>Material osi:<\/td>\n<td>Zlitina jekla<\/td>\n<\/tr>\n<tr>\n<td>Knurl:<\/td>\n<td>Agresivno<\/td>\n<\/tr>\n<tr>\n<td>Grmi\u010devje:<\/td>\n<td>Bakrena pu\u0161a<\/td>\n<\/tr>\n<tr>\n<td>Rokavi:<\/td>\n<td>Chrome \/ navoji<\/td>\n<\/tr>\n<tr>\n<td>Premer:<\/td>\n<td>29 mm<\/td>\n<\/tr>\n<tr>\n<td>Dol\u017eina palice:<\/td>\n<td>2200 mm<\/td>\n<\/tr>\n<tr>\n<td>Nalo\u017eljiva dol\u017eina rokava:<\/td>\n<td>405 mm<\/td>\n<\/tr>\n<tr>\n<td>Narezovanje:<\/td>\n<td>IPF<\/td>\n<\/tr>\n<tr>\n<td>Najve\u010dja obremenitev:<\/td>\n<td>680,38 kg \/ 1500 lb<\/td>\n<\/tr>\n<tr>\n<td>Natezno trdnost:<\/td>\n<td>216.000 psi<\/td>\n<\/tr>\n<tr>\n<td>Premer rokava:<\/td>\n<td>50 mm<\/td>\n<\/tr>\n<tr>\n<td>Garancija:<\/td>\n<td>2 leti funkcionalne garancije<\/td>\n<\/tr>\n<\/tbody>\n<\/table>\n","protected":false},"excerpt":{"rendered":"<h2>ELUIR Power Bar &#8211; z osrednjim narezkom<\/h2>\n","protected":false},"featured_media":32279,"comment_status":"open","ping_status":"closed","template":"","meta":[],"product_brand":[],"product_cat":[533,324,325],"product_tag":[],"class_list":{"0":"post-32285","1":"product","2":"type-product","3":"status-publish","4":"has-post-thumbnail","6":"product_cat-novi-produkti","7":"product_cat-palice-in-utezi","8":"product_cat-palice","10":"first","11":"instock","12":"featured","13":"taxable","14":"shipping-taxable","15":"purchasable","16":"product-type-simple"},"composite_virtual":false,"composite_layout":"","composite_add_to_cart_form_location":"","composite_editable_in_cart":false,"composite_sold_individually_context":"","composite_shop_price_calc":"","composite_components":[],"composite_scenarios":[],"_links":{"self":[{"href":"https:\/\/www.eluir.com\/sl\/wp-json\/wp\/v2\/product\/32285","targetHints":{"allow":["GET"]}}],"collection":[{"href":"https:\/\/www.eluir.com\/sl\/wp-json\/wp\/v2\/product"}],"about":[{"href":"https:\/\/www.eluir.com\/sl\/wp-json\/wp\/v2\/types\/product"}],"replies":[{"embeddable":true,"href":"https:\/\/www.eluir.com\/sl\/wp-json\/wp\/v2\/comments?post=32285"}],"wp:featuredmedia":[{"embeddable":true,"href":"https:\/\/www.eluir.com\/sl\/wp-json\/wp\/v2\/media\/32279"}],"wp:attachment":[{"href":"https:\/\/www.eluir.com\/sl\/wp-json\/wp\/v2\/media?parent=32285"}],"wp:term":[{"taxonomy":"product_brand","embeddable":true,"href":"https:\/\/www.eluir.com\/sl\/wp-json\/wp\/v2\/product_brand?post=32285"},{"taxonomy":"product_cat","embeddable":true,"href":"https:\/\/www.eluir.com\/sl\/wp-json\/wp\/v2\/product_cat?post=32285"},{"taxonomy":"product_tag","embeddable":true,"href":"https:\/\/www.eluir.com\/sl\/wp-json\/wp\/v2\/product_tag?post=32285"}],"curies":[{"name":"wp","href":"https:\/\/api.w.org\/{rel}","templated":true}]}}