{"id":32551,"date":"2021-02-17T20:20:34","date_gmt":"2021-02-17T19:20:34","guid":{"rendered":"https:\/\/www.eluir.com\/?post_type=product&#038;p=32551"},"modified":"2021-08-14T18:12:42","modified_gmt":"2021-08-14T16:12:42","slug":"eluir-spring-barbell-collars","status":"publish","type":"product","link":"https:\/\/www.eluir.com\/sl\/shop\/blagovne-znamke\/eluir-sl\/novi-produkti\/eluir-spring-barbell-collars\/","title":{"rendered":"ELUIR Vzmetni varnostni zaklep"},"content":{"rendered":"<div><strong>ELUIR Vzmetni varnostni zaklep<\/strong> zagotavljajo varnost s hitro in enostavno menjavo ute\u017ei. So preprosti za uporabo in se hitro namestijo na <a href=\"https:\/\/www.eluir.com\/sl\/kategorija-izdelka\/palice-in-utezi\/\/bars\">olimpijsko palico<\/a>. Va\u0161e <a href=\"https:\/\/www.eluir.com\/sl\/kategorija-izdelka\/palice-in-utezi\/\/weight-plates\">ute\u017ei<\/a> bodo zavarovane z enostavnim pritiskom na varovalo.<\/div>\n<div>\u00a0<\/div>\n<div>Z njim bodo va\u0161e vadbe potekale brez skrbi.<\/div>\n<div>\u00a0<\/div>\n<div><strong>Lastnosti:<\/strong><\/div>\n<ul>\n<li>en par varnostnega zaklepa, ki je primeren za vse olimpijske palice premera 50 mm.<\/li>\n<\/ul>\n","protected":false},"excerpt":{"rendered":"<p>ELUIR Vzmetni varnostni zaklep zagotavljajo varnost s hitro in enostavno menjavo ute\u017ei. So preprosti za uporabo in se hitro namestijo na olimpijsko palico. Va\u0161e ute\u017ei bodo zavarovane z enostavnim pritiskom na varovalo. \u00a0 Z njim bodo va\u0161e vadbe potekale brez skrbi. \u00a0 Lastnosti: en par varnostnega zaklepa, ki je primeren za vse olimpijske palice premera [&#8230;]\n","protected":false},"featured_media":32557,"comment_status":"open","ping_status":"closed","template":"","meta":[],"product_brand":[],"product_cat":[533,324,325,110,111,687],"product_tag":[],"class_list":{"0":"post-32551","1":"product","2":"type-product","3":"status-publish","4":"has-post-thumbnail","6":"product_cat-novi-produkti","7":"product_cat-palice-in-utezi","8":"product_cat-palice","9":"product_cat-pripomocki-oprema","10":"product_cat-dodatki-nadgradnje","11":"product_cat-pripomocki-za-fintess","13":"first","14":"instock","15":"taxable","16":"shipping-taxable","17":"purchasable","18":"product-type-simple"},"composite_virtual":false,"composite_layout":"","composite_add_to_cart_form_location":"","composite_editable_in_cart":false,"composite_sold_individually_context":"","composite_shop_price_calc":"","composite_components":[],"composite_scenarios":[],"_links":{"self":[{"href":"https:\/\/www.eluir.com\/sl\/wp-json\/wp\/v2\/product\/32551","targetHints":{"allow":["GET"]}}],"collection":[{"href":"https:\/\/www.eluir.com\/sl\/wp-json\/wp\/v2\/product"}],"about":[{"href":"https:\/\/www.eluir.com\/sl\/wp-json\/wp\/v2\/types\/product"}],"replies":[{"embeddable":true,"href":"https:\/\/www.eluir.com\/sl\/wp-json\/wp\/v2\/comments?post=32551"}],"wp:featuredmedia":[{"embeddable":true,"href":"https:\/\/www.eluir.com\/sl\/wp-json\/wp\/v2\/media\/32557"}],"wp:attachment":[{"href":"https:\/\/www.eluir.com\/sl\/wp-json\/wp\/v2\/media?parent=32551"}],"wp:term":[{"taxonomy":"product_brand","embeddable":true,"href":"https:\/\/www.eluir.com\/sl\/wp-json\/wp\/v2\/product_brand?post=32551"},{"taxonomy":"product_cat","embeddable":true,"href":"https:\/\/www.eluir.com\/sl\/wp-json\/wp\/v2\/product_cat?post=32551"},{"taxonomy":"product_tag","embeddable":true,"href":"https:\/\/www.eluir.com\/sl\/wp-json\/wp\/v2\/product_tag?post=32551"}],"curies":[{"name":"wp","href":"https:\/\/api.w.org\/{rel}","templated":true}]}}