{"id":32737,"date":"2021-03-22T20:32:02","date_gmt":"2021-03-22T19:42:23","guid":{"rendered":"https:\/\/www.eluir.com\/shop\/nekategorizirano\/fiksna-ravna-klop\/"},"modified":"2025-10-22T15:56:26","modified_gmt":"2025-10-22T13:56:26","slug":"fiksna-ravna-klop-eluir","status":"publish","type":"product","link":"https:\/\/www.eluir.com\/sl\/shop\/oprema\/trening-za-moc\/klopi-ghd-ji\/fiksna-ravna-klop-eluir\/","title":{"rendered":"Fiksna ravna klop ELUIR \u2013 bench klop za potisk s prsi"},"content":{"rendered":"<h2 data-start=\"1452\" data-end=\"1519\">Fiksna ravna klop ELUIR \u2013 stabilna bench klop za potisk s prsi<\/h2>\n<p data-start=\"1521\" data-end=\"1776\"><strong data-start=\"1521\" data-end=\"1548\">Fiksna ravna klop ELUIR<\/strong> je idealna za vse, ki i\u0161\u010dejo stabilno in vzdr\u017eljivo <strong data-start=\"1601\" data-end=\"1621\">ravno bench klop<\/strong> za trening mo\u010di, potiske s prsi ali druge bench vaje. Kombinacija trdne jeklene konstrukcije in udobnega umetnega usnja omogo\u010da varen in udoben trening.<\/p>\n<ul data-start=\"1778\" data-end=\"1902\">\n<li data-start=\"1778\" data-end=\"1818\">\n<p data-start=\"1780\" data-end=\"1818\">Konstrukcija: jeklena cev 60\u00d760\u00d73 mm<\/p>\n<\/li>\n<li data-start=\"1819\" data-end=\"1860\">\n<p data-start=\"1821\" data-end=\"1860\">Prevleka: ro\u010dno izdelano umetno usnje<\/p>\n<\/li>\n<li data-start=\"1861\" data-end=\"1902\">\n<p data-start=\"1863\" data-end=\"1902\">Funkcionalnost: vklju\u010deni J-Hook pari<\/p>\n<\/li>\n<\/ul>\n<p data-start=\"1904\" data-end=\"2035\">Primerna je tako za doma\u010de fitnese kot profesionalne telovadnice. Izdelano v EU \u2013 Sloveniji, kar zagotavlja kakovost in trajnost.<\/p>\n<h3 data-start=\"2042\" data-end=\"2067\">Prednosti klopi ELUIR<\/h3>\n<ul data-start=\"2068\" data-end=\"2283\">\n<li data-start=\"2068\" data-end=\"2109\">\n<p data-start=\"2070\" data-end=\"2109\">Visokokakovostna jeklena konstrukcija<\/p>\n<\/li>\n<li data-start=\"2110\" data-end=\"2144\">\n<p data-start=\"2112\" data-end=\"2144\">Stabilna in trpe\u017ena bench klop<\/p>\n<\/li>\n<li data-start=\"2145\" data-end=\"2176\">\n<p data-start=\"2147\" data-end=\"2176\">Ro\u010dno izdelano umetno usnje<\/p>\n<\/li>\n<li data-start=\"2177\" data-end=\"2202\">\n<p data-start=\"2179\" data-end=\"2202\">Vklju\u010deni J-Hook pari<\/p>\n<\/li>\n<li data-start=\"2203\" data-end=\"2232\">\n<p data-start=\"2205\" data-end=\"2232\">Izdelano v EU \u2013 Sloveniji<\/p>\n<\/li>\n<li data-start=\"2233\" data-end=\"2283\">\n<p data-start=\"2235\" data-end=\"2283\">Primerno za potiske s prsi in druge bench vaje<\/p>\n<\/li>\n<\/ul>\n<h3 data-start=\"2290\" data-end=\"2307\">Specifikacije<\/h3>\n<ul data-start=\"2308\" data-end=\"2453\">\n<li data-start=\"2308\" data-end=\"2350\">\n<p data-start=\"2310\" data-end=\"2350\">Dimenzije jeklene cevi: 60 \u00d7 60 \u00d7 3 mm<\/p>\n<\/li>\n<li data-start=\"2351\" data-end=\"2393\">\n<p data-start=\"2353\" data-end=\"2393\">Povr\u0161ina: umetno usnje, ro\u010dno izdelano<\/p>\n<\/li>\n<li data-start=\"2394\" data-end=\"2423\">\n<p data-start=\"2396\" data-end=\"2423\">Vklju\u010duje: 1 par J-Hookov<\/p>\n<\/li>\n<li data-start=\"2424\" data-end=\"2453\">\n<p data-start=\"2426\" data-end=\"2453\">Izdelano v: EU, Slovenija<\/p>\n<\/li>\n<\/ul>\n<h3 data-start=\"2460\" data-end=\"2502\">Zakaj izbrati ELUIR Fiksno ravno klop?<\/h3>\n<p data-start=\"2503\" data-end=\"2650\">Ta <strong data-start=\"2506\" data-end=\"2533\">fiksna ravna klop ELUIR<\/strong> nudi stabilnost, trpe\u017enost in udobje pri vseh bench vajah. Idealna za doma\u010do telovadnico ali profesionalni fitnes.<\/p>\n<p data-start=\"2503\" data-end=\"2650\">Oglej si tudi ostale <a class=\"decorated-link\" href=\"https:\/\/www.eluir.com\/sl\/shop\/oprema\/trening-za-moc\/klopi-ghd-ji\/\" target=\"_new\" rel=\"noopener\" data-start=\"2698\" data-end=\"2785\">fitnes klopi ELUIR<\/a><\/p>\n<ul data-start=\"2652\" data-end=\"2911\">\n<li data-start=\"2788\" data-end=\"2911\"><\/li>\n<\/ul>\n<p data-start=\"2942\" data-end=\"3062\">\ud83d\udc49 Naro\u010di svojo <strong data-start=\"2958\" data-end=\"2985\">fiksno ravno klop ELUIR<\/strong> \u0161e danes in izbolj\u0161aj potisk s prsi z vrhunsko stabilnostjo in kakovostjo!<\/p>\n","protected":false},"excerpt":{"rendered":"<p><strong data-start=\"1085\" data-end=\"1112\">Fiksna ravna klop ELUIR<\/strong> je zasnovana za u\u010dinkovite treninge potiskov s prsi in bench vaj. Izdelana iz kakovostne jeklene konstrukcije (60\u00d760\u00d73 mm) in ro\u010dno obdelanega umetnega usnja za udobje in vzdr\u017eljivost. Vklju\u010duje par J-Hookov za dodatno funkcionalnost.<br data-start=\"1347\" data-end=\"1350\" \/>\u2705 Izdelano v EU \u2013 Sloveniji.<\/p>\n<p>Obi\u010dajno se po\u0161lje v 4-6 tednih.<\/p>\n","protected":false},"featured_media":32735,"comment_status":"open","ping_status":"closed","template":"","meta":[],"product_brand":[],"product_cat":[119,120],"product_tag":[],"class_list":{"0":"post-32737","1":"product","2":"type-product","3":"status-publish","4":"has-post-thumbnail","6":"product_cat-trening-za-moc","7":"product_cat-klopi-ghd-ji","9":"first","10":"instock","11":"taxable","12":"shipping-taxable","13":"purchasable","14":"product-type-simple"},"composite_virtual":false,"composite_layout":"","composite_add_to_cart_form_location":"","composite_editable_in_cart":false,"composite_sold_individually_context":"","composite_shop_price_calc":"","composite_components":[],"composite_scenarios":[],"_links":{"self":[{"href":"https:\/\/www.eluir.com\/sl\/wp-json\/wp\/v2\/product\/32737","targetHints":{"allow":["GET"]}}],"collection":[{"href":"https:\/\/www.eluir.com\/sl\/wp-json\/wp\/v2\/product"}],"about":[{"href":"https:\/\/www.eluir.com\/sl\/wp-json\/wp\/v2\/types\/product"}],"replies":[{"embeddable":true,"href":"https:\/\/www.eluir.com\/sl\/wp-json\/wp\/v2\/comments?post=32737"}],"wp:featuredmedia":[{"embeddable":true,"href":"https:\/\/www.eluir.com\/sl\/wp-json\/wp\/v2\/media\/32735"}],"wp:attachment":[{"href":"https:\/\/www.eluir.com\/sl\/wp-json\/wp\/v2\/media?parent=32737"}],"wp:term":[{"taxonomy":"product_brand","embeddable":true,"href":"https:\/\/www.eluir.com\/sl\/wp-json\/wp\/v2\/product_brand?post=32737"},{"taxonomy":"product_cat","embeddable":true,"href":"https:\/\/www.eluir.com\/sl\/wp-json\/wp\/v2\/product_cat?post=32737"},{"taxonomy":"product_tag","embeddable":true,"href":"https:\/\/www.eluir.com\/sl\/wp-json\/wp\/v2\/product_tag?post=32737"}],"curies":[{"name":"wp","href":"https:\/\/api.w.org\/{rel}","templated":true}]}}