{"id":37334,"date":"2021-07-07T12:45:36","date_gmt":"2021-07-07T10:45:36","guid":{"rendered":"https:\/\/www.eluir.com\/shop\/nekategorizirano\/set-elasticnih-trakov\/"},"modified":"2025-12-09T16:27:04","modified_gmt":"2025-12-09T15:27:04","slug":"set-elasticnih-trakov","status":"publish","type":"product","link":"https:\/\/www.eluir.com\/sl\/shop\/oprema\/trening-za-moc\/vrvi\/set-elasticnih-trakov\/","title":{"rendered":"Set Elasti\u010dnih trakov"},"content":{"rendered":"<h3>Set Elasti\u010dnih trakov<\/h3>\n<p>Elasti\u010dni trakovi je lahek, prenosen in prostorsko var\u010den pripomo\u010dek, ki se uporablja za trening mo\u010di. Primeren je za vse vrste vadb.<br \/>\nPrimerni so za krepitev mi\u0161ic, oblikovanje telesa in zmanj\u0161anje ma\u0161\u010dobe.<\/p>\n<p>Primerni so za krepitev mi\u0161ic, oblikovanje telesa in zmanj\u0161anje ma\u0161\u010dobe.<\/p>\n<p>Za u\u010dinkovito krepitev mi\u0161i\u010dne mo\u010di in oblikovanje telesa so zasnovani za to\u010dno dolo\u010dene vaje in mi\u0161i\u010dne skupine.<\/p>\n<p>Set fitnes elastik omogo\u010da vsem profesionalnim \u0161portnikom in amaterjem zelo u\u010dinkovito metodo za krepitev, oblikovanje telesa in porabo kalorij.<\/p>\n<p>5 razli\u010dnih barv odra\u017ea razli\u010dno stopnjo te\u017eavnosti:<\/p>\n<p>Za u\u010dinkovit trening imajo elastike razli\u010dno stopnjo upornosti :<\/p>\n<p>\u010crn trak \u2013 zelo te\u017eka (30LBS \u2013 13,6KG)<br \/>\nZelen trak\u2013 te\u017eka (25LBS \u2013 11,3KG)<br \/>\nModer trak \u2013 srednja (20LBS \u2013 9,1KG)<br \/>\nRde\u010d trak\u2013 lahka (15LBS \u2013 6,8KG)<br \/>\nRumen trak \u2013 zelo lahka (10LBS \u2013 4,5KG)<\/p>\n<p>&nbsp;<\/p>\n<p>Paket vklju\u010duje:<br \/>\n5 x elasti\u010dni trak (rumen, zelen, moder, rde\u010d, \u010drn)<br \/>\n1 x torba za shranjevanje<br \/>\n2 x ro\u010daj s peno<br \/>\n2 x trak za gle\u017eenj<\/p>\n","protected":false},"excerpt":{"rendered":"<p>Set elasti\u010dnih trakov za u\u010dinkovito krepitev mi\u0161i\u010dne mo\u010di in oblikovanje telesa so zasnovani za to\u010dno dolo\u010dene vaje in mi\u0161i\u010dne skupine.<\/p>\n","protected":false},"featured_media":33460,"comment_status":"open","ping_status":"closed","template":"","meta":[],"product_brand":[],"product_cat":[585,687],"product_tag":[],"class_list":{"0":"post-37334","1":"product","2":"type-product","3":"status-publish","4":"has-post-thumbnail","6":"product_cat-vrvi","7":"product_cat-pripomocki-za-fintess","9":"first","10":"instock","11":"taxable","12":"shipping-taxable","13":"purchasable","14":"product-type-simple"},"composite_virtual":false,"composite_layout":"","composite_add_to_cart_form_location":"","composite_editable_in_cart":false,"composite_sold_individually_context":"","composite_shop_price_calc":"","composite_components":[],"composite_scenarios":[],"_links":{"self":[{"href":"https:\/\/www.eluir.com\/sl\/wp-json\/wp\/v2\/product\/37334","targetHints":{"allow":["GET"]}}],"collection":[{"href":"https:\/\/www.eluir.com\/sl\/wp-json\/wp\/v2\/product"}],"about":[{"href":"https:\/\/www.eluir.com\/sl\/wp-json\/wp\/v2\/types\/product"}],"replies":[{"embeddable":true,"href":"https:\/\/www.eluir.com\/sl\/wp-json\/wp\/v2\/comments?post=37334"}],"wp:featuredmedia":[{"embeddable":true,"href":"https:\/\/www.eluir.com\/sl\/wp-json\/wp\/v2\/media\/33460"}],"wp:attachment":[{"href":"https:\/\/www.eluir.com\/sl\/wp-json\/wp\/v2\/media?parent=37334"}],"wp:term":[{"taxonomy":"product_brand","embeddable":true,"href":"https:\/\/www.eluir.com\/sl\/wp-json\/wp\/v2\/product_brand?post=37334"},{"taxonomy":"product_cat","embeddable":true,"href":"https:\/\/www.eluir.com\/sl\/wp-json\/wp\/v2\/product_cat?post=37334"},{"taxonomy":"product_tag","embeddable":true,"href":"https:\/\/www.eluir.com\/sl\/wp-json\/wp\/v2\/product_tag?post=37334"}],"curies":[{"name":"wp","href":"https:\/\/api.w.org\/{rel}","templated":true}]}}