{"id":39273,"date":"2022-05-13T09:54:25","date_gmt":"2022-08-09T08:00:43","guid":{"rendered":"https:\/\/www.eluir.com\/shop\/nekategorizirano\/eluir-leg-press-hack-squat\/"},"modified":"2022-08-09T10:01:39","modified_gmt":"2022-08-09T08:01:39","slug":"eluir-leg-press","status":"publish","type":"product","link":"https:\/\/www.eluir.com\/sl\/shop\/blagovne-znamke\/eluir-sl\/novi-produkti\/eluir-leg-press\/","title":{"rendered":"ELUIR LEG PRESS \/ HACK SQUAT"},"content":{"rendered":"<h1><strong>ELUIR LEG PRESS<\/strong><\/h1>\n<p>&nbsp;<\/p>\n<p><span style=\"font-size: 100%;\">Pritisk na noge je odli\u010den stroj za razvijanje zadnjice, stegenskih mi\u0161ic, kvadriciklov in celo tele\u010djih mi\u0161ic.<br \/>\nJe priljubljen med dvigovalci, ki raje sedijo kot stojijo z obremenitvijo na hrbtenici.<\/span><\/p>\n<div class=\"col-sm-12 col-lg-8 article-content\">\n<div class=\"article__subsection mc-text-large\">\n<div class=\"mc-mt-6 article-ad__container\" data-mc-segment-trigger=\"true\" data-mc-segment-event-type=\"Article Page Click\" data-event-obj=\"{\"title\":\"Leg Press Exercise Guide: How to Do Leg Presses\",\"category\":\"Wellness\",\"format\":\"How to\",\"url\":\"CURRENT_URL\",\"referrer\":\"CURRENT_REFERRER\",\"location\":\"body\"}\">\n<div class=\"contentful__section-body highlight-shareable\">\n<p class=\"article-body__paragraph mc-mb-6\">Pritisk na noge je izolirana vaja, ki je namenjena mi\u0161i\u010dnim skupinam v spodnjem delu telesa, vklju\u010dno s kvadricepsi, stegenskimi mi\u0161icami in zadnji\u010dnimi mi\u0161icami. Vadite stiske z nogami tako, da se usedete na naslonjalo naprave za stiskanje nog. Stopala polo\u017eite na podstavek, kolena pa pokr\u010dite pod kotom 90 stopinj. Po\u010dasi pritiskajte na podno\u017eje, da premaknete jermenico, ki je pritrjena na plo\u0161\u010de z ute\u017emi. Vrnite podno\u017eje v prvotni polo\u017eaj in ponovite \u017eeleno \u0161tevilo ponovitev.<\/p>\n<\/div>\n<\/div>\n<\/div>\n<div data-react-class=\"NewArticleTrailerGemExperimentWrapper\" data-react-props=\"{\"category\":\"Wellness\",\"instructorName\":\"Joe Holder\",\"instructorTagline\":\"Teaches Fitness and Wellness Fundamentals\",\"courseUrl\":\"\/classes\/joe-holder-teaches-fitness-and-wellness-fundamentals\",\"title\":\"Leg Press Exercise Guide: How to Do Leg Presses\",\"trailerVideoId\":\"6227483867001\"}\">\n<div class=\"new-article-trailer-gem__container mc-corners--rounded\">\n<div class=\"row no-gutters\">\n<div class=\"col-12 col-sm-6\">\n<div class=\"mc-p-8 mc-pb-6\"><\/div>\n<\/div>\n<\/div>\n<\/div>\n<\/div>\n<\/div>\n<aside class=\"article-sidebar col-lg-3 d-none d-lg-flex flex-column justify-content-between\">\n<div class=\"side__related-courses__course__data\">\n<p class=\"mc-opacity--muted side__related-courses__course__slug\">\n<\/div>\n<\/aside>\n<h3 class=\"ExHeading ExHeading--h3\"><strong>Prednosti:<\/strong><\/h3>\n<ul>\n<li>Izgradnja mo\u010dnej\u0161ih in bolj mi\u0161i\u010dastih kvadricepsa<\/li>\n<li>Varnej\u0161e za hrbtenico kot nepravilno izvajanje sklec<\/li>\n<li>Lahko sprejme precej\u0161njo te\u017eo, ne da bi potreboval pomo\u010dnika<\/li>\n<\/ul>\n<p><strong style=\"font-size: 20.16px;\">dimenzije: <\/strong><\/p>\n<p><a href=\"https:\/\/www.eluir.com\/wp-content\/uploads\/2022\/05\/dimensions-1.jpg\"><img decoding=\"async\" class=\"alignnone wp-image-38809\" src=\"https:\/\/www.eluir.com\/wp-content\/uploads\/2022\/05\/dimensions-1.jpg\" alt=\"stiskanje nog\" width=\"923\" height=\"713\"><\/a><\/p>\n<h1><strong> <\/strong><\/h1>\n","protected":false},"excerpt":{"rendered":"<ul>\n<li>Stroj je dobavljen sestavljen.<\/li>\n<\/ul>\n","protected":false},"featured_media":38803,"comment_status":"open","ping_status":"closed","template":"","meta":[],"product_brand":[],"product_cat":[748,366,533,119],"product_tag":[],"class_list":{"0":"post-39273","1":"product","2":"type-product","3":"status-publish","4":"has-post-thumbnail","6":"product_cat-naprave-za-moc","7":"product_cat-eluir-sl","8":"product_cat-novi-produkti","9":"product_cat-trening-za-moc","11":"first","12":"outofstock","13":"taxable","14":"shipping-taxable","15":"purchasable","16":"product-type-simple"},"composite_virtual":false,"composite_layout":"","composite_add_to_cart_form_location":"","composite_editable_in_cart":false,"composite_sold_individually_context":"","composite_shop_price_calc":"","composite_components":[],"composite_scenarios":[],"_links":{"self":[{"href":"https:\/\/www.eluir.com\/sl\/wp-json\/wp\/v2\/product\/39273","targetHints":{"allow":["GET"]}}],"collection":[{"href":"https:\/\/www.eluir.com\/sl\/wp-json\/wp\/v2\/product"}],"about":[{"href":"https:\/\/www.eluir.com\/sl\/wp-json\/wp\/v2\/types\/product"}],"replies":[{"embeddable":true,"href":"https:\/\/www.eluir.com\/sl\/wp-json\/wp\/v2\/comments?post=39273"}],"wp:featuredmedia":[{"embeddable":true,"href":"https:\/\/www.eluir.com\/sl\/wp-json\/wp\/v2\/media\/38803"}],"wp:attachment":[{"href":"https:\/\/www.eluir.com\/sl\/wp-json\/wp\/v2\/media?parent=39273"}],"wp:term":[{"taxonomy":"product_brand","embeddable":true,"href":"https:\/\/www.eluir.com\/sl\/wp-json\/wp\/v2\/product_brand?post=39273"},{"taxonomy":"product_cat","embeddable":true,"href":"https:\/\/www.eluir.com\/sl\/wp-json\/wp\/v2\/product_cat?post=39273"},{"taxonomy":"product_tag","embeddable":true,"href":"https:\/\/www.eluir.com\/sl\/wp-json\/wp\/v2\/product_tag?post=39273"}],"curies":[{"name":"wp","href":"https:\/\/api.w.org\/{rel}","templated":true}]}}