{"id":41112,"date":"2025-05-22T12:37:20","date_gmt":"2025-05-22T10:37:20","guid":{"rendered":"https:\/\/www.eluir.com\/?post_type=product&#038;p=41112"},"modified":"2025-10-25T13:35:09","modified_gmt":"2025-10-25T11:35:09","slug":"gumirana-podlaga-100x100x2cm","status":"publish","type":"product","link":"https:\/\/www.eluir.com\/sl\/shop\/oprema\/oprema-za-fitnese\/tla-podloge\/gumirana-podlaga-100x100x2cm\/","title":{"rendered":"ELUIR Gumirana podlaga 100\u00d7100\u00d72 cm"},"content":{"rendered":"<h2 data-start=\"765\" data-end=\"882\"><strong data-start=\"765\" data-end=\"882\">Ve\u010dnamenske gumijaste talne obloge za telovadnice \u2013 zanesljiva za\u0161\u010dita in funkcionalnost za vsak trening prostor.<\/strong><\/h2>\n<p data-start=\"884\" data-end=\"1039\">ELUIR gumirana podlaga je zasnovana za <strong data-start=\"923\" data-end=\"962\">profesionalne in doma\u010de telovadnice<\/strong>, kjer je pomembna trpe\u017enost, stabilnost in varnost.<\/p>\n<h4 data-start=\"884\" data-end=\"1039\"><strong>Uporablja se lahko za:<\/strong><\/h4>\n<ul data-start=\"1040\" data-end=\"1307\">\n<li data-start=\"1040\" data-end=\"1091\">\n<p data-start=\"1042\" data-end=\"1091\">podlago v fitnesih ali cross trening prostorih,<\/p>\n<\/li>\n<li data-start=\"1092\" data-end=\"1135\">\n<p data-start=\"1094\" data-end=\"1135\">izdelavo platforme za dvigovanje ute\u017ei,<\/p>\n<\/li>\n<li data-start=\"1136\" data-end=\"1178\">\n<p data-start=\"1138\" data-end=\"1178\">oblazinjenje \u0161katel za sunke in skoke,<\/p>\n<\/li>\n<li data-start=\"1179\" data-end=\"1225\">\n<p data-start=\"1181\" data-end=\"1225\">prilagoditev vi\u0161ine pri po\u010depih na \u0161katlo,<\/p>\n<\/li>\n<li data-start=\"1226\" data-end=\"1262\">\n<p data-start=\"1228\" data-end=\"1262\">vadbo z ute\u017emi ali telesno te\u017eo,<\/p>\n<\/li>\n<li data-start=\"1263\" data-end=\"1307\">\n<p data-start=\"1265\" data-end=\"1307\">in \u0161tevilne druge funkcionalne treninge.<\/p>\n<\/li>\n<\/ul>\n<p data-start=\"1309\" data-end=\"1584\">Podlaga je izdelana iz <strong data-start=\"1332\" data-end=\"1352\">reciklirane gume<\/strong>, kar jo naredi <strong data-start=\"1368\" data-end=\"1387\">okolju prijazno<\/strong> in hkrati <strong data-start=\"1398\" data-end=\"1417\">izjemno trpe\u017eno<\/strong>.<br data-start=\"1418\" data-end=\"1421\" \/>Njena <strong data-start=\"1427\" data-end=\"1450\">protidrsna povr\u0161ina<\/strong> zagotavlja stabilnost tudi med najbolj zahtevnimi vajami, gumirana struktura pa u\u010dinkovito <strong data-start=\"1542\" data-end=\"1581\">zmanj\u0161uje udarce, hrup in vibracije<\/strong>.<\/p>\n<p data-start=\"1586\" data-end=\"1855\">Primerna je za <strong data-start=\"1601\" data-end=\"1632\">notranjo in zunanjo uporabo<\/strong>.<br data-start=\"1633\" data-end=\"1636\" \/>Zaradi narave reciklirane gume so mo\u017ene manj\u0161e razlike v povr\u0161ini (3\u20135 %), kar ne vpliva na njeno funkcionalnost.<br data-start=\"1749\" data-end=\"1752\" \/>\u010ce jo uporablja\u0161 kot del dvi\u017ene platforme, priporo\u010damo <strong data-start=\"1807\" data-end=\"1835\">jekleni ali leseni okvir<\/strong>, ki \u0161\u010diti robove.<\/p>\n<h4 data-start=\"1857\" data-end=\"1875\"><strong data-start=\"1857\" data-end=\"1875\">Specifikacije:<\/strong><\/h4>\n<ul data-start=\"1876\" data-end=\"2192\">\n<li data-start=\"1876\" data-end=\"1907\">\n<p data-start=\"1878\" data-end=\"1907\">Dimenzije: 100 \u00d7 100 \u00d7 2 cm<\/p>\n<\/li>\n<li data-start=\"1908\" data-end=\"1923\">\n<p data-start=\"1910\" data-end=\"1923\">Te\u017ea: 22 kg<\/p>\n<\/li>\n<li data-start=\"1924\" data-end=\"1939\">\n<p data-start=\"1926\" data-end=\"1939\">Barva: \u010drna<\/p>\n<\/li>\n<li data-start=\"1940\" data-end=\"2000\">\n<p data-start=\"1942\" data-end=\"2000\">Popolno zmanj\u0161anje udarcev (idealno za dvigovanje ute\u017ei)<\/p>\n<\/li>\n<li data-start=\"2001\" data-end=\"2024\">\n<p data-start=\"2003\" data-end=\"2024\">Protidrsna povr\u0161ina<\/p>\n<\/li>\n<li data-start=\"2025\" data-end=\"2074\">\n<p data-start=\"2027\" data-end=\"2074\">Zelo trpe\u017ena \u2013 primerna za intenzivno uporabo<\/p>\n<\/li>\n<li data-start=\"2075\" data-end=\"2097\">\n<p data-start=\"2077\" data-end=\"2097\">Zmanj\u0161evanje hrupa<\/p>\n<\/li>\n<li data-start=\"2098\" data-end=\"2121\">\n<p data-start=\"2100\" data-end=\"2121\">Enostavno polaganje<\/p>\n<\/li>\n<li data-start=\"2122\" data-end=\"2154\">\n<p data-start=\"2124\" data-end=\"2154\">Izdelano iz reciklirane gume<\/p>\n<\/li>\n<li data-start=\"2155\" data-end=\"2174\">\n<p data-start=\"2157\" data-end=\"2174\">Okolju prijazno<\/p>\n<\/li>\n<li data-start=\"2175\" data-end=\"2192\">\n<p data-start=\"2177\" data-end=\"2192\">Izdelano v EU<\/p>\n<\/li>\n<\/ul>\n<p data-start=\"2177\" data-end=\"2192\"><i>Ogledate si lahko tudi na\u0161 izbor <a href=\"https:\/\/www.eluir.com\/sl\/kategorija-izdelka\/oprema\/oprema-za-fitnese\/tla-podloge\/\"><strong><u>dvi\u017enih platform<\/u><\/strong><\/a>.<\/i><\/p>\n<p data-start=\"2194\" data-end=\"2310\">Izberi <strong data-start=\"2201\" data-end=\"2227\">ELUIR gumirano podlago<\/strong> \u2013 ker si tvoj prostor za trening zaslu\u017ei vrhunsko za\u0161\u010dito, udobje in vzdr\u017eljivost.<\/p>\n<p><i>\u00a0<\/i><\/p>\n<p><img decoding=\"async\" class=\"alignnone size-full wp-image-2824\" src=\"https:\/\/www.eluir.com\/wp-content\/uploads\/2015\/02\/recycled.png\" alt=\"reciklirano\" width=\"42\" height=\"40\" \/><img decoding=\"async\" class=\"alignnone size-full wp-image-2822\" src=\"https:\/\/www.eluir.com\/wp-content\/uploads\/2015\/02\/eco-friendly.png\" alt=\"ekolo\u0161ko\" width=\"42\" height=\"40\" \/><img decoding=\"async\" class=\"alignnone size-full wp-image-2826\" src=\"https:\/\/www.eluir.com\/wp-content\/uploads\/2015\/02\/weightlifting.png\" alt=\"dvigovanje ute\u017ei\" width=\"96\" height=\"40\" \/><\/p>\n<p>&nbsp;<\/p>\n","protected":false},"excerpt":{"rendered":"<p data-start=\"2361\" data-end=\"2555\">ELUIR gumirana podlaga je trpe\u017ena in protidrsna talna obloga iz reciklirane gume, idealna za fitnes in telovadnice. Zmanj\u0161uje udarce, hrup in nudi vrhunsko za\u0161\u010dito tal pri vseh vrstah treningov.<\/p>\n","protected":false},"featured_media":41102,"comment_status":"open","ping_status":"closed","template":"","meta":[],"product_brand":[],"product_cat":[722,366,119,121,114],"product_tag":[774,773],"class_list":{"0":"post-41112","1":"product","2":"type-product","3":"status-publish","4":"has-post-thumbnail","6":"product_cat-oprema-za-fitnese","7":"product_cat-eluir-sl","8":"product_cat-trening-za-moc","9":"product_cat-platforme","10":"product_cat-tla-podloge","11":"product_tag-gumijasta-tla","12":"product_tag-talne-obloge-za-telovadnico","13":"product_shipping_class-oprema","15":"first","16":"instock","17":"taxable","18":"shipping-taxable","19":"purchasable","20":"product-type-simple"},"composite_virtual":false,"composite_layout":"","composite_add_to_cart_form_location":"","composite_editable_in_cart":false,"composite_sold_individually_context":"","composite_shop_price_calc":"","composite_components":[],"composite_scenarios":[],"_links":{"self":[{"href":"https:\/\/www.eluir.com\/sl\/wp-json\/wp\/v2\/product\/41112","targetHints":{"allow":["GET"]}}],"collection":[{"href":"https:\/\/www.eluir.com\/sl\/wp-json\/wp\/v2\/product"}],"about":[{"href":"https:\/\/www.eluir.com\/sl\/wp-json\/wp\/v2\/types\/product"}],"replies":[{"embeddable":true,"href":"https:\/\/www.eluir.com\/sl\/wp-json\/wp\/v2\/comments?post=41112"}],"wp:featuredmedia":[{"embeddable":true,"href":"https:\/\/www.eluir.com\/sl\/wp-json\/wp\/v2\/media\/41102"}],"wp:attachment":[{"href":"https:\/\/www.eluir.com\/sl\/wp-json\/wp\/v2\/media?parent=41112"}],"wp:term":[{"taxonomy":"product_brand","embeddable":true,"href":"https:\/\/www.eluir.com\/sl\/wp-json\/wp\/v2\/product_brand?post=41112"},{"taxonomy":"product_cat","embeddable":true,"href":"https:\/\/www.eluir.com\/sl\/wp-json\/wp\/v2\/product_cat?post=41112"},{"taxonomy":"product_tag","embeddable":true,"href":"https:\/\/www.eluir.com\/sl\/wp-json\/wp\/v2\/product_tag?post=41112"}],"curies":[{"name":"wp","href":"https:\/\/api.w.org\/{rel}","templated":true}]}}