{"id":7552,"date":"2017-11-20T11:53:31","date_gmt":"2017-11-20T10:53:32","guid":{"rendered":""},"modified":"2024-05-22T20:29:13","modified_gmt":"2024-05-22T18:29:13","slug":"titandres","status":"publish","type":"product","link":"https:\/\/www.eluir.com\/sl\/shop\/blagovne-znamke\/titan-sl\/titandres\/","title":{"rendered":"Titan Triumph Weightlifting dres"},"content":{"rendered":"<div class=\"row\"  id=\"row-1060831704\">\n<center><\/p>\n<h2><strong>Titan Triumph singlet<\/strong><\/h2>\n<p><\/center><br \/>\n<center><br \/>\n <img decoding=\"async\" src=\"https:\/\/www.eluir.com\/wp-content\/uploads\/2015\/12\/ipf-logo.png\" alt=\"IPF logo\" width=\"99\" height=\"50\" class=\"alignnone size-full wp-image-3408\" \/><br \/>\n&nbsp;<br \/>\n<\/center><br \/>\n\n\t<div id=\"col-1370634490\" class=\"col medium-1\/2 large-6\"  >\n\t\t\t\t<div class=\"col-inner\"  >\n\t\t\t\n\t\t\t\n<p><h3>Titan Triumph dres, IPF odobren<\/h3>\n<\/p>\n<p>Titan Triumph dres predstavlja najnovej\u0161i dizajn powerlifting dresov.Narejen je iz tkanine Comprexx \u00a9, ki vsebuje najkvalitetnej\u0161i te\u017eki najlon\/spandex.<\/p>\n<ul>\n<li>Zagotavlja kompresijo mi\u0161ic ter jih ohranja ogrete<\/li>\n<li>Najvi\u0161ja stopnja raztegljive tkanine v powerliftingu \u2013 do 600%<\/li>\n<li><strong>IPF odobren <\/strong><\/li>\n<li>Izdelano v ZDA<\/li>\n<\/ul>\n\t\t<\/div>\n\t\t\t\t\t<\/div>\n\n\t\n\n\t<div id=\"col-347929662\" class=\"col medium-1\/2 large-6\"  >\n\t\t\t\t<div class=\"col-inner\"  >\n\t\t\t\n\t\t\t\n<h3>Tabelica velikosti<\/h3>\n<p>\nPrimerno velikost dresa izberite glede na spodnjo tabelo. Zaradi raztegljivosti dresa, lahko za bolj\u0161e prilagajanje, izberete eno \u0161tevilko manj\u0161ega.<\/p>\n<p><a href=\"https:\/\/www.eluir.com\/wp-content\/uploads\/2016\/01\/SingletSizeChart2015.png\"><img decoding=\"async\" src=\"https:\/\/www.eluir.com\/wp-content\/up<a href=\"https:\/\/www.eluir.com\/wp-content\/uploads\/2017\/11\/tablicatitan.jpg\"><img decoding=\"async\" src=\"https:\/\/www.eluir.com\/wp-content\/uploads\/2017\/11\/tablicatitan.jpg\" alt=\"tablicatitan\" width=\"1239\" height=\"531\" class=\"alignnone size-full wp-image-7562\" srcset=\"https:\/\/www.eluir.com\/wp-content\/uploads\/2017\/11\/tablicatitan.jpg 1239w, https:\/\/www.eluir.com\/wp-content\/uploads\/2017\/11\/tablicatitan-510x219.jpg 510w\" sizes=\"(max-width: 1239px) 100vw, 1239px\" \/><\/a><br \/>\n\t\t<\/div>\n\t\t\t\t\t<\/div>\n\n\t\n<\/div>\n","protected":false},"excerpt":{"rendered":"<p>Obi\u010dajno odposlano v roku 3-10 dni<\/p>\n","protected":false},"featured_media":7567,"comment_status":"open","ping_status":"closed","template":"","meta":[],"product_brand":[],"product_cat":[571,97],"product_tag":[],"class_list":{"0":"post-7552","1":"product","2":"type-product","3":"status-publish","4":"has-post-thumbnail","6":"product_cat-titan-sl","7":"product_cat-dresi-za-dviganje-utezi","9":"first","10":"instock","11":"taxable","12":"shipping-taxable","13":"purchasable","14":"product-type-variable"},"composite_virtual":false,"composite_layout":"","composite_add_to_cart_form_location":"","composite_editable_in_cart":false,"composite_sold_individually_context":"","composite_shop_price_calc":"","composite_components":[],"composite_scenarios":[],"_links":{"self":[{"href":"https:\/\/www.eluir.com\/sl\/wp-json\/wp\/v2\/product\/7552","targetHints":{"allow":["GET"]}}],"collection":[{"href":"https:\/\/www.eluir.com\/sl\/wp-json\/wp\/v2\/product"}],"about":[{"href":"https:\/\/www.eluir.com\/sl\/wp-json\/wp\/v2\/types\/product"}],"replies":[{"embeddable":true,"href":"https:\/\/www.eluir.com\/sl\/wp-json\/wp\/v2\/comments?post=7552"}],"wp:featuredmedia":[{"embeddable":true,"href":"https:\/\/www.eluir.com\/sl\/wp-json\/wp\/v2\/media\/7567"}],"wp:attachment":[{"href":"https:\/\/www.eluir.com\/sl\/wp-json\/wp\/v2\/media?parent=7552"}],"wp:term":[{"taxonomy":"product_brand","embeddable":true,"href":"https:\/\/www.eluir.com\/sl\/wp-json\/wp\/v2\/product_brand?post=7552"},{"taxonomy":"product_cat","embeddable":true,"href":"https:\/\/www.eluir.com\/sl\/wp-json\/wp\/v2\/product_cat?post=7552"},{"taxonomy":"product_tag","embeddable":true,"href":"https:\/\/www.eluir.com\/sl\/wp-json\/wp\/v2\/product_tag?post=7552"}],"curies":[{"name":"wp","href":"https:\/\/api.w.org\/{rel}","templated":true}]}}