{"id":8699,"date":"2018-01-27T20:06:24","date_gmt":"2018-01-27T19:06:24","guid":{"rendered":"https:\/\/www.eluir.com\/shop\/nekategorizirano\/eluir-zapestni-povoji\/"},"modified":"2025-12-09T16:33:55","modified_gmt":"2025-12-09T15:33:55","slug":"eluir-zapestni-povoji","status":"publish","type":"product","link":"https:\/\/www.eluir.com\/sl\/shop\/blagovne-znamke\/eluir-sl\/novi-produkti\/eluir-zapestni-povoji\/","title":{"rendered":"ELUIR Zapestni povoji"},"content":{"rendered":"<h3>ELUIR Zapestni povoji<\/h3>\n<p>ELUIR Zapestni povoji vam omogo\u010dajo dodatno podporo zapestju, ko jo potrebujete. Pri ELUIR-ju smo predani, da vam ponudimo kvalitetne in vzdr\u017eljive pripomo\u010dke za razumljivo ceno, ti zapestniki so eden izmed na\u0161ih produktov. Narejeni so iz me\u0161anice bomba\u017ea, elastike in poliestra. Uporabljajo se za ve\u010djo stabilnost zapestja med va\u0161imi treningi v dvigovanju ute\u017ei ali powerliftingu.<\/p>\n<p>Zapestni povoji so na voljo samo v \u010drni barvi z na\u0161im belim logotipom. Zapestni povoji imajo priro\u010dno zanko za palec in sistem zapenjanja za varno prileganje, prilagodljivost in hitro odpenjanje.<\/p>\n<p>Velikost povojev je okrog 46 cm oz. 18 in\u010dov.<\/p>\n","protected":false},"excerpt":{"rendered":"<p>ELUIR Zapestni povoji ELUIR Zapestni povoji vam omogo\u010dajo dodatno podporo zapestju, ko jo potrebujete. Pri ELUIR-ju smo predani, da vam ponudimo kvalitetne in vzdr\u017eljive pripomo\u010dke za razumljivo ceno, ti zapestniki so eden izmed na\u0161ih produktov. Narejeni so iz me\u0161anice bomba\u017ea, elastike in poliestra. Uporabljajo se za ve\u010djo stabilnost zapestja med va\u0161imi treningi v dvigovanju ute\u017ei [&#8230;]\n","protected":false},"featured_media":8694,"comment_status":"open","ping_status":"closed","template":"","meta":[],"product_brand":[],"product_cat":[726,366,533],"product_tag":[],"class_list":{"0":"post-8699","1":"product","2":"type-product","3":"status-publish","4":"has-post-thumbnail","6":"product_cat-zapestni-povoji","7":"product_cat-eluir-sl","8":"product_cat-novi-produkti","10":"first","11":"instock","12":"taxable","13":"shipping-taxable","14":"purchasable","15":"product-type-simple"},"composite_virtual":false,"composite_layout":"","composite_add_to_cart_form_location":"","composite_editable_in_cart":false,"composite_sold_individually_context":"","composite_shop_price_calc":"","composite_components":[],"composite_scenarios":[],"_links":{"self":[{"href":"https:\/\/www.eluir.com\/sl\/wp-json\/wp\/v2\/product\/8699","targetHints":{"allow":["GET"]}}],"collection":[{"href":"https:\/\/www.eluir.com\/sl\/wp-json\/wp\/v2\/product"}],"about":[{"href":"https:\/\/www.eluir.com\/sl\/wp-json\/wp\/v2\/types\/product"}],"replies":[{"embeddable":true,"href":"https:\/\/www.eluir.com\/sl\/wp-json\/wp\/v2\/comments?post=8699"}],"wp:featuredmedia":[{"embeddable":true,"href":"https:\/\/www.eluir.com\/sl\/wp-json\/wp\/v2\/media\/8694"}],"wp:attachment":[{"href":"https:\/\/www.eluir.com\/sl\/wp-json\/wp\/v2\/media?parent=8699"}],"wp:term":[{"taxonomy":"product_brand","embeddable":true,"href":"https:\/\/www.eluir.com\/sl\/wp-json\/wp\/v2\/product_brand?post=8699"},{"taxonomy":"product_cat","embeddable":true,"href":"https:\/\/www.eluir.com\/sl\/wp-json\/wp\/v2\/product_cat?post=8699"},{"taxonomy":"product_tag","embeddable":true,"href":"https:\/\/www.eluir.com\/sl\/wp-json\/wp\/v2\/product_tag?post=8699"}],"curies":[{"name":"wp","href":"https:\/\/api.w.org\/{rel}","templated":true}]}}